{"id":998,"date":"2021-10-13T11:11:21","date_gmt":"2021-10-13T14:11:21","guid":{"rendered":"https:\/\/biblioteca.facha.edu.br\/?page_id=998"},"modified":"2023-03-16T14:19:05","modified_gmt":"2023-03-16T17:19:05","slug":"novas-aquisicoes","status":"publish","type":"page","link":"https:\/\/biblioteca.facha.edu.br\/index.php\/acervo\/novas-aquisicoes\/","title":{"rendered":"Novas aquisi\u00e7\u00f5es"},"content":{"rendered":"\n<p><strong>NOVAS AQUISI\u00c7\u00d5ES 2023<\/strong><\/p>\n\n\n\n<p><strong>ACERVO F\u00cdSICO<\/strong><\/p>\n\n\n\n<p>BARBOSA, Pedro Marcos Nunes. <strong>Curso de concorr\u00eancia desleal<\/strong>. Rio de Janeiro: Lumen Juris, 2022. 391 p. ISBN 978-65-5510-777-7.<\/p>\n\n\n\n<p>CARDOSO, Claudio. <strong>A comunica\u00e7\u00e3o no comando<\/strong>: ferramentas para a gest\u00e3o de ativos intang\u00edveis. S\u00e3o Paulo: ABERJE, 2021. 278 p. ISBN 978-65-86831-37-5.<\/p>\n\n\n\n<p>CHAN, Kim W.; MAUBORGNE, Ren\u00e9e. <strong>A estrat\u00e9gia do oceano azul<\/strong>: como criar novos mercados e tornar a concorr\u00eancia irrelevante. Rio de Janeiro: Elsevier, 2015. 278 p.<\/p>\n\n\n\n<p>CORUJO, Adolfo. <strong>O som do sucesso<\/strong>: li\u00e7\u00f5es de comunica\u00e7\u00e3o de 18 g\u00eanios da m\u00fasica. S\u00e3o Paulo: ABERJE, 2021. 382 p. ISBN 978-65-86831-34-4.<\/p>\n\n\n\n<p>COSTA, Jorge Jos\u00e9 da. <strong>Notas sobre fotografia e cinema<\/strong>. Tradu\u00e7\u00e3o de Heloisa Brunk Pereira. S\u00e3o Paulo: PoloBooks, 2020. 320 p. ISBN 978-85-5522-445-4.<\/p>\n\n\n\n<p>DANTAS, Aud\u00e1lio. <strong>Tempo de reportagem<\/strong>. S\u00e3o Paulo: Leya, 2012. 287 p. ISBN 978-85-8044-536-7.<\/p>\n\n\n\n<p>FICHER, Marcelo; MACHADO NETO, Manoel Marcondes. <strong>100 anos de Rela\u00e7\u00f5es P\u00fablicas no Brasil<\/strong>. Rio de Janeiro: Conceito Editorial, 2014. 217 p.<\/p>\n\n\n\n<p>FRANCO, Bernardo Mello. <strong>Mil dias de tormenta<\/strong>: a crise que derrubou Dilma e deixou Temer por um fio. Rio de Janeiro: Objetiva, 2018. 406 p. ISBN 978-85-470-0067-7.<\/p>\n\n\n\n<p>FREIRE, Rafael de Luna. <strong>O neg\u00f3cio do filme<\/strong>. Rio de Janeiro: Museu de Arte Moderna, 2022. 448 p. ISBN 978-65-88670-04-0.<\/p>\n\n\n\n<p>GERBASE, Carlos. <strong>Cinema<\/strong>: primeiro filme: descobrindo, fazendo, pensando. Porto Alegre: Artes Of\u00edcios, 2012. 275 p. ISBN 978-85-7421-211-1.<\/p>\n\n\n\n<p>HALUCH, Aline. <strong>Guia pr\u00e1tico de design editorial<\/strong>: criando livros completos. Rio de Janeiro: Senac, 2018. 99 p., il. ISBN 978-85-7756-443-9.<\/p>\n\n\n\n<p>JOHNSON, Steven. <strong>O poder inovador da divers\u00e3o<\/strong>: como o prazer e o entretenimento mudaram o mundo. Rio de Janeiro: Zahar, 2017. 310 p. ISBN 978-85-378-1711-7.<\/p>\n\n\n\n<p>LEMOS, Ronaldo. <strong>Futuros possiveis<\/strong>: m\u00eddia, cultura, sociedade, direitos. Porto Alegre, RS: Sulina, 2012. 318. ISBN 978-85-205-0659-2.<\/p>\n\n\n\n<p>LIES, Little White; THRIFT, Matt. <strong>Guia para fazer seu pr\u00f3prio filme em 39 passos<\/strong>. Tradu\u00e7\u00e3o de Edson Furmankiewicz. S\u00e3o Paulo: Gustavo Gili, 2018. 136 p. ISBN 978-85-8452-166-6.<\/p>\n\n\n\n<p>MACEDO, Marcelo Ernandez et al. <strong>Comunica\u00e7\u00e3o comunit\u00e1ria e midiativismo<\/strong>: conceitos, m\u00e9todos e experi\u00eancias de pesquisa em dialogia. Rio de Janeiro: NPC, 2021. 177 p. ISBN 978-85-63004-25-3.<\/p>\n\n\n\n<p>MANSUR, Fernando. <strong>A caixa m\u00e1gica<\/strong>: hist\u00f3rias de vida pelas ondas do r\u00e1dio. Rio de Janeiro: Outras Letras, 2017. 247 p. ISBN 978-85-8488-042-3.<\/p>\n\n\n\n<p>MARCONDES FILHO, Ciro. <strong>O princ\u00edpio da raz\u00e3o durante<\/strong>: da Escola de Frankfurt \u00e0 cr\u00edtica alem\u00e3 contempor\u00e2nea. S\u00e3o Paulo: Paulus, 2011. 303 p.<\/p>\n\n\n\n<p>MORETZSOHN, Sylvia Debossan. <strong>Rep\u00f3rter no volante<\/strong>. S\u00e3o Paulo: Publifolha, 2013. 183 p. ISBN 978-85-7914-424-0.<\/p>\n\n\n\n<p>MURAD, Mauricio. <strong>A viol\u00eancia no futebol<\/strong>: novas pesquisas, novas ideias, novas propostas. 2.ed. rev. ampl. S\u00e3o Paulo: Benvir\u00e1, 2017. 264 p.<\/p>\n\n\n\n<p>MURAD, Mauricio. <strong>Sociologia da educa\u00e7\u00e3o f\u00edsica<\/strong>: di\u00e1logos, linguagens do corpo, esportes. 2.ed. rev. ampl. Rio de Janeiro: FGV, 2020. 203 p.<\/p>\n\n\n\n<p>NOGUEIRA, Claudio. <strong>Dez toques sobre jornalismo<\/strong>. Rio de Janeiro: Senac, 2015. 142 p. ISBN 978-85-7756-313-5.<\/p>\n\n\n\n<p>PRATA, Nair. <strong>Webradio<\/strong>: novos g\u00eaneros, novas formas de intera\u00e7\u00e3o. 2. ed. Florian\u00f3polis: Insular, 2012. 255 p. ISBN 978-85-7474-397-4.<\/p>\n\n\n\n<p>REIS, Rog\u00e9rio. <strong>Olho nu<\/strong>. S\u00e3o Paulo: Instituto Olga Kos de Inclus\u00e3o Cultural, 2021. 158 p., il. color. ISBN 978-65-86975-02-4.<\/p>\n\n\n\n<p>REZENDE, Luiz Eduardo. <strong>No tempo da reportagem<\/strong>. Rio de Janeiro: Xenon, 2017. 111 p. ISBN 978-85-85269-44-9.<\/p>\n\n\n\n<p>SIM\u00d5ES, Katia; PRIOSTE, Roberto. <strong>ABF Rio 30 anos<\/strong>: bra\u00e7os sempre abertos para o franchising. Niter\u00f3i: Associa\u00e7\u00e3o Brasileira de Franchising, 2021. p. 251, il. color. ISBN 978-65-00-25583-6.<\/p>\n\n\n\n<p>SOARES, Cleber. <strong>Assis Horta<\/strong>: um fot\u00f3grafo popular. Juiz de Fora, MG: FUNALFA, 2021. 300 p. ISBN 978-65-88135-04-4.<\/p>\n\n\n\n<p>VADE MECUM DE DIREITO. 34. ed. S\u00e3o Paulo: Saraiva, 2022. 2524 p. ISBN 978-65-5362-007-0.<\/p>\n\n\n\n<p>VILARINHO, Carlos Ferreira. <strong>Quem derrubou Jo\u00e3o Saldanha<\/strong>. Rio de Janeiro: Livrosdefutebol.com, 2010. 254 p. ISBN 978-85-910725-0-7.<\/p>\n","protected":false},"excerpt":{"rendered":"<p>NOVAS AQUISI\u00c7\u00d5ES 2023 ACERVO F\u00cdSICO BARBOSA, Pedro Marcos Nunes. Curso de concorr\u00eancia desleal. Rio de Janeiro: Lumen Juris, 2022. 391 p. ISBN 978-65-5510-777-7. CARDOSO, Claudio. A comunica\u00e7\u00e3o no comando: ferramentas para a gest\u00e3o de ativos intang\u00edveis. S\u00e3o Paulo: ABERJE, 2021. 278 p. ISBN 978-65-86831-37-5. CHAN, Kim W.; MAUBORGNE, Ren\u00e9e. A estrat\u00e9gia do oceano azul: como [&hellip;]<\/p>\n","protected":false},"author":2,"featured_media":0,"parent":61,"menu_order":0,"comment_status":"closed","ping_status":"closed","template":"","meta":{"footnotes":""},"class_list":["post-998","page","type-page","status-publish","hentry"],"_links":{"self":[{"href":"https:\/\/biblioteca.facha.edu.br\/index.php\/wp-json\/wp\/v2\/pages\/998","targetHints":{"allow":["GET"]}}],"collection":[{"href":"https:\/\/biblioteca.facha.edu.br\/index.php\/wp-json\/wp\/v2\/pages"}],"about":[{"href":"https:\/\/biblioteca.facha.edu.br\/index.php\/wp-json\/wp\/v2\/types\/page"}],"author":[{"embeddable":true,"href":"https:\/\/biblioteca.facha.edu.br\/index.php\/wp-json\/wp\/v2\/users\/2"}],"replies":[{"embeddable":true,"href":"https:\/\/biblioteca.facha.edu.br\/index.php\/wp-json\/wp\/v2\/comments?post=998"}],"version-history":[{"count":2,"href":"https:\/\/biblioteca.facha.edu.br\/index.php\/wp-json\/wp\/v2\/pages\/998\/revisions"}],"predecessor-version":[{"id":1142,"href":"https:\/\/biblioteca.facha.edu.br\/index.php\/wp-json\/wp\/v2\/pages\/998\/revisions\/1142"}],"up":[{"embeddable":true,"href":"https:\/\/biblioteca.facha.edu.br\/index.php\/wp-json\/wp\/v2\/pages\/61"}],"wp:attachment":[{"href":"https:\/\/biblioteca.facha.edu.br\/index.php\/wp-json\/wp\/v2\/media?parent=998"}],"curies":[{"name":"wp","href":"https:\/\/api.w.org\/{rel}","templated":true}]}}