{"id":974,"date":"2021-09-16T16:55:40","date_gmt":"2021-09-16T19:55:40","guid":{"rendered":"https:\/\/biblioteca.facha.edu.br\/?page_id=974"},"modified":"2021-09-16T16:55:40","modified_gmt":"2021-09-16T19:55:40","slug":"curso-basico-de-fontes-juridicas-na-internet","status":"publish","type":"page","link":"https:\/\/biblioteca.facha.edu.br\/index.php\/curso-basico-de-fontes-juridicas-na-internet\/","title":{"rendered":"Curso B\u00e1sico de Fontes Jur\u00eddicas na Internet"},"content":{"rendered":"\n<p>P\u00fablico Alvo: Alunos do curso de Direito<\/p>\n\n\n\n<p>Respons\u00e1vel : Bibliotec\u00e1rio do campus<\/p>\n\n\n\n<p>Dura\u00e7\u00e3o: 30 min<\/p>\n\n\n\n<p>Inscri\u00e7\u00f5es:&nbsp;<a href=\"mailto:biblioteca@facha.edu.br\" target=\"_blank\" rel=\"noreferrer noopener\">email da Biblioteca<\/a>&nbsp;ou no Balc\u00e3o de Atendimento<\/p>\n\n\n\n<p>Metodologia: Exposi\u00e7\u00e3o oral<\/p>\n\n\n\n<p>T\u00f3picos abordados:<\/p>\n\n\n\n<p>1. INTRODU\u00c7\u00c3O<\/p>\n\n\n\n<p>2. CRIT\u00c9RIOS DE CONFIABILIDADE<\/p>\n\n\n\n<p>3. LEGISLA\u00c7\u00c3O<\/p>\n\n\n\n<p>3.1 Fontes Legislativas:<\/p>\n\n\n\n<p>4. JURISPRUD\u00caNCIA<\/p>\n\n\n\n<p>4.1 Fontes Jurisprudenciais<\/p>\n","protected":false},"excerpt":{"rendered":"<p>P\u00fablico Alvo: Alunos do curso de Direito Respons\u00e1vel : Bibliotec\u00e1rio do campus Dura\u00e7\u00e3o: 30 min Inscri\u00e7\u00f5es:&nbsp;email da Biblioteca&nbsp;ou no Balc\u00e3o de Atendimento Metodologia: Exposi\u00e7\u00e3o oral T\u00f3picos abordados: 1. INTRODU\u00c7\u00c3O 2. CRIT\u00c9RIOS DE CONFIABILIDADE 3. LEGISLA\u00c7\u00c3O 3.1 Fontes Legislativas: 4. JURISPRUD\u00caNCIA 4.1 Fontes Jurisprudenciais<\/p>\n","protected":false},"author":2,"featured_media":0,"parent":0,"menu_order":0,"comment_status":"closed","ping_status":"closed","template":"","meta":{"footnotes":""},"class_list":["post-974","page","type-page","status-publish","hentry"],"_links":{"self":[{"href":"https:\/\/biblioteca.facha.edu.br\/index.php\/wp-json\/wp\/v2\/pages\/974","targetHints":{"allow":["GET"]}}],"collection":[{"href":"https:\/\/biblioteca.facha.edu.br\/index.php\/wp-json\/wp\/v2\/pages"}],"about":[{"href":"https:\/\/biblioteca.facha.edu.br\/index.php\/wp-json\/wp\/v2\/types\/page"}],"author":[{"embeddable":true,"href":"https:\/\/biblioteca.facha.edu.br\/index.php\/wp-json\/wp\/v2\/users\/2"}],"replies":[{"embeddable":true,"href":"https:\/\/biblioteca.facha.edu.br\/index.php\/wp-json\/wp\/v2\/comments?post=974"}],"version-history":[{"count":1,"href":"https:\/\/biblioteca.facha.edu.br\/index.php\/wp-json\/wp\/v2\/pages\/974\/revisions"}],"predecessor-version":[{"id":976,"href":"https:\/\/biblioteca.facha.edu.br\/index.php\/wp-json\/wp\/v2\/pages\/974\/revisions\/976"}],"wp:attachment":[{"href":"https:\/\/biblioteca.facha.edu.br\/index.php\/wp-json\/wp\/v2\/media?parent=974"}],"curies":[{"name":"wp","href":"https:\/\/api.w.org\/{rel}","templated":true}]}}