{"id":927,"date":"2021-08-05T07:25:37","date_gmt":"2021-08-05T10:25:37","guid":{"rendered":"https:\/\/biblioteca2.facha.edu.br\/?page_id=927"},"modified":"2025-08-06T13:09:59","modified_gmt":"2025-08-06T16:09:59","slug":"bd-radialismo","status":"publish","type":"page","link":"https:\/\/biblioteca.facha.edu.br\/index.php\/bases-de-dados\/bd-radialismo\/","title":{"rendered":"BD Radialismo"},"content":{"rendered":"\n<p><meta charset=\"utf-8\"><\/meta><!-- Beginning of Link Library Output --><div id='linklist1' class='linklist'><!-- Div Linklist -->\n<div class=\"LinkLibraryCat LinkLibraryCat12 level0\"><!-- Div Category --><div id=\"bases-sites-blogs-e-midias-socias-radialismo\"><!-- Div Category Name --><div class=\"linklistcatname\"><!-- Div Cat Name --><span class=\"linklistcatclass\">Bases, sites, blogs e m\u00eddias socias - Radialismo<\/span><\/div><!-- DivOrHeader --><\/div><!-- Div Category Name -->\n\t<ul>\n<li><a href=\"http:\/\/abordorp.blogspot.com\/\" id=\"link-1477\" class=\"track_this_link \" rel=\"noopener noreferrer\" target=\"_blank\">A BORDO DA COMUNICA\u00c7\u00c3O<\/a><\/li>\n<li><a href=\"https:\/\/www.facebook.com\/aberje1967\" id=\"link-1478\" class=\"track_this_link \" rel=\"noopener noreferrer\" target=\"_blank\">ABERJE<\/a><\/li>\n<li><a href=\"https:\/\/acaoeducativa.org.br\/\" id=\"link-1460\" class=\"track_this_link \" rel=\"noopener noreferrer\" target=\"_blank\">A\u00c7\u00c3O EDUCATIVA<\/a><\/li>\n<li><a href=\"https:\/\/www.facebook.com\/adegadeideiaseventos\" id=\"link-1479\" class=\"track_this_link \" rel=\"noopener noreferrer\" target=\"_blank\">ADEGA DE IDEIAS<\/a><\/li>\n<li><a href=\"http:\/\/www.anpad.org.br\/\" id=\"link-1461\" class=\"track_this_link \" rel=\"noopener noreferrer\" target=\"_blank\">ANPAD<\/a><\/li>\n<li><a href=\"http:\/\/aquintaonda.blogspot.com\/\" id=\"link-1480\" class=\"track_this_link \" rel=\"noopener noreferrer\" target=\"_blank\">AQO \u2013 A QUINTA ONDA COMUNICA\u00c7\u00c3O E COMPORTAMENTO NA ERA DA SOCIEDADE DIGITAL<\/a><\/li>\n<li><a href=\"https:\/\/www.arquivo.com.br\/\" id=\"link-1481\" class=\"track_this_link \" rel=\"noopener noreferrer\" target=\"_blank\">ARQUIVO DA PROPAGANDA<\/a><\/li>\n<li><a href=\"http:\/\/bdtd.ibict.br\/vufind\/\" id=\"link-1463\" class=\"track_this_link \" rel=\"noopener noreferrer\" target=\"_blank\">BDTD<\/a><\/li>\n<li><a href=\"https:\/\/www.bbm.usp.br\/pt-br\/\" id=\"link-1482\" class=\"track_this_link \" rel=\"noopener noreferrer\" target=\"_blank\">BIBLIOTECA BRASILIANA MINDLIN<\/a><\/li>\n<li><a href=\"http:\/\/www.bibliotecadigital.unicamp.br\/\" id=\"link-1465\" class=\"track_this_link \" rel=\"noopener noreferrer\" target=\"_blank\">BIBLIOTECA DIGITAL DA UNICAMP<\/a><\/li>\n<li><a href=\"http:\/\/www.wdl.org\/pt\/\" id=\"link-1464\" class=\"track_this_link \" rel=\"noopener noreferrer\" target=\"_blank\">BIBLIOTECA DIGITAL MUNDIAL<\/a><\/li>\n<li><a href=\"http:\/\/midia8.blog\/\" id=\"link-1483\" class=\"track_this_link \" rel=\"noopener noreferrer\" target=\"_blank\">BLOG M\u00cdDIA8 COMUNICA\u00c7\u00c3O DIGITAL E REDES SOCIAIS<\/a><\/li>\n<li><a href=\"https:\/\/www.briansolis.com\/\" id=\"link-1484\" class=\"track_this_link \" rel=\"noopener noreferrer\" target=\"_blank\">BRAIN SOLIS<\/a><\/li>\n<li><a href=\"https:\/\/www.b9.com.br\/\" id=\"link-1485\" class=\"track_this_link \" rel=\"noopener noreferrer\" target=\"_blank\">BRAINSTORM 9<\/a><\/li>\n<li><a href=\"http:\/\/www.periodicos.capes.gov.br\/\" id=\"link-1466\" class=\"track_this_link \" rel=\"noopener noreferrer\" target=\"_blank\">CAPES<\/a><\/li>\n<li><a href=\"https:\/\/comunicadores.info\/\" id=\"link-1486\" class=\"track_this_link \" rel=\"noopener noreferrer\" target=\"_blank\">COMUNICADORES<\/a><\/li>\n<li><a href=\"https:\/\/portal.comunique-se.com.br\/\" id=\"link-1487\" class=\"track_this_link \" rel=\"noopener noreferrer\" target=\"_blank\">COMUNIQUE-SE<\/a><\/li>\n<li><a href=\"http:\/\/www.dominiopublico.gov.br\/pesquisa\/PesquisaObraForm.jsp.\" id=\"link-1467\" class=\"track_this_link \" rel=\"noopener noreferrer\" target=\"_blank\">DOM\u00cdNIO P\u00daBLICO<\/a><\/li>\n<li><a href=\"https:\/\/www.escoladeradio.com.br\/\" id=\"link-460\" class=\"track_this_link \" rel=\"noopener noreferrer\" target=\"_blank\">Escola de r\u00e1dio<\/a><\/li>\n<li><a href=\"http:\/\/fgvdados.fgv.br\/\" id=\"link-1468\" class=\"track_this_link \" rel=\"noopener noreferrer\" target=\"_blank\">FGVDADOS<\/a><\/li>\n<li><a href=\"http:\/\/ideas.uqam.ca\/\" id=\"link-1469\" class=\"track_this_link \" rel=\"noopener noreferrer\" target=\"_blank\">IDEAS<\/a><\/li>\n<li><a href=\"http:\/\/portal.inep.gov.br\/\" id=\"link-1470\" class=\"track_this_link \" rel=\"noopener noreferrer\" target=\"_blank\">INEP<\/a><\/li>\n<li><a href=\"http:\/\/ipeadata.gov.br\/\" id=\"link-1471\" class=\"track_this_link \" rel=\"noopener noreferrer\" target=\"_blank\">IPEADATA<\/a><\/li>\n<li><a href=\"http:\/\/www.newseum.org\/todaysfrontpages\/flash\/\" id=\"link-1472\" class=\"track_this_link \" rel=\"noopener noreferrer\" target=\"_blank\">JORNAIS DO MUNDO<\/a><\/li>\n<li><a href=\"https:\/\/medium.com\/fmrp\" id=\"link-1488\" class=\"track_this_link \" rel=\"noopener noreferrer\" target=\"_blank\">MEDIUM<\/a><\/li>\n<li><a href=\"http:\/\/www.midiatismo.com.br\/\" id=\"link-1489\" class=\"track_this_link \" rel=\"noopener noreferrer\" target=\"_blank\">MIDIATISMO<\/a><\/li>\n<li><a href=\"https:\/\/nosdacomunicacao.com.br\/\" id=\"link-1490\" class=\"track_this_link \" rel=\"noopener noreferrer\" target=\"_blank\">N\u00d3S DA COMUNICA\u00c7\u00c3O<\/a><\/li>\n<li><a href=\"https:\/\/www.facebook.com\/comuniquese\" id=\"link-1491\" class=\"track_this_link \" rel=\"noopener noreferrer\" target=\"_blank\">PORTAL COMUNIQUE-SE<\/a><\/li>\n<li><a href=\"https:\/\/www.revistas.usp.br\/wp\/\" id=\"link-1492\" class=\"track_this_link \" rel=\"noopener noreferrer\" target=\"_blank\">PORTAL DE REVISTAS DA USP<\/a><\/li>\n<li><a href=\"https:\/\/www.cision.com\/blog\/\" id=\"link-1493\" class=\"track_this_link \" rel=\"noopener noreferrer\" target=\"_blank\">PR NEWS WIRE<\/a><\/li>\n<li><a href=\"http:\/\/prossiga.ibict.br\/\" id=\"link-1473\" class=\"track_this_link \" rel=\"noopener noreferrer\" target=\"_blank\">PROSSIGA<\/a><\/li>\n<li><a href=\"http:\/\/radialistasp.blogspot.com\/\" id=\"link-458\" class=\"track_this_link \" rel=\"noopener noreferrer\" target=\"_blank\">Radialista SP<\/a><\/li>\n<li><a href=\"http:\/\/www.radialistasrj.org.br\/\" id=\"link-459\" class=\"track_this_link \" rel=\"noopener noreferrer\" target=\"_blank\">Radialistas RJ<\/a><\/li>\n<li><a href=\"https:\/\/www.facebook.com\/radiodeverdade\/?ref=py_c\" id=\"link-461\" class=\"track_this_link \" rel=\"noopener noreferrer\" target=\"_blank\">R\u00e1dio de verdade<\/a><\/li>\n<li><a href=\"https:\/\/resultadosdigitais.com.br\/\" id=\"link-1494\" class=\"track_this_link \" rel=\"noopener noreferrer\" target=\"_blank\">RESULTADOS DIGITAIS<\/a><\/li>\n<li><a href=\"http:\/\/www.scielo.br\/?lng=pt\" id=\"link-1474\" class=\"track_this_link \" rel=\"noopener noreferrer\" target=\"_blank\">SCIELO<\/a><\/li>\n<li><a href=\"http:\/\/www.sciencedirect.com\/\" id=\"link-1475\" class=\"track_this_link \" rel=\"noopener noreferrer\" target=\"_blank\">SCIRUS<\/a><\/li>\n<li><a href=\"https:\/\/tecnocratadigital.wordpress.com\/\" id=\"link-1495\" class=\"track_this_link \" rel=\"noopener noreferrer\" target=\"_blank\">TECNOCRATA DIGITAL<\/a><\/li>\n<li><a href=\"https:\/\/www.facebook.com\/turmadoradio\/?ref=py_c\" id=\"link-462\" class=\"track_this_link \" rel=\"noopener noreferrer\" target=\"_blank\">Turma do r\u00e1dio<\/a><\/li>\n\t<\/ul>\n<\/div><!-- Div End Category -->\n<script type='text\/javascript'>\njQuery(document).ready(function()\n{\njQuery('.arrow-up').hide();\njQuery('#linklist1 a.track_this_link').click(function() {\nlinkid = this.id;\nlinkid = linkid.substring(5);\npath = '';\njQuery.ajax( {    type: 'POST',    url: 'https:\/\/biblioteca.facha.edu.br\/wp-admin\/admin-ajax.php',     data: { action: 'link_library_tracker',             _ajax_nonce: '8cabe55d58',             id:linkid, xpath:path }     });\nreturn true;\n});\njQuery('#linklist1 .expandlinks').click(function() {\ntarget = '.' + jQuery(this).attr('id');\nsubcattarget = '.' + jQuery(this).attr('data-subcat');\nif ( jQuery( target ).is(':visible') ) {\njQuery(target).slideUp();\njQuery(subcattarget).slideToggle();\njQuery(this).children('img').attr('src', 'https:\/\/biblioteca.facha.edu.br\/wp-content\/plugins\/link-library\/icons\/expand-32.png');\n} else {\njQuery(target).slideDown();\njQuery(subcattarget).slideToggle();\njQuery(this).children('img').attr('src', 'https:\/\/biblioteca.facha.edu.br\/wp-content\/plugins\/link-library\/icons\/collapse-32.png');\n}\n});\njQuery('#linklist1 .linklistcatclass').click(function() {\njQuery(this).siblings('.expandlinks').click();\n});\njQuery('#linklist1 .linklistcatnamedesc').click(function() {\njQuery(this).siblings('.expandlinks').click();\n});\n});\n<\/script>\n<\/div><!-- Div Linklist -->\n<!-- End of Link Library Output -->\n\n<\/p>\n","protected":false},"excerpt":{"rendered":"","protected":false},"author":2,"featured_media":0,"parent":499,"menu_order":0,"comment_status":"closed","ping_status":"closed","template":"","meta":{"footnotes":""},"class_list":["post-927","page","type-page","status-publish","hentry"],"_links":{"self":[{"href":"https:\/\/biblioteca.facha.edu.br\/index.php\/wp-json\/wp\/v2\/pages\/927","targetHints":{"allow":["GET"]}}],"collection":[{"href":"https:\/\/biblioteca.facha.edu.br\/index.php\/wp-json\/wp\/v2\/pages"}],"about":[{"href":"https:\/\/biblioteca.facha.edu.br\/index.php\/wp-json\/wp\/v2\/types\/page"}],"author":[{"embeddable":true,"href":"https:\/\/biblioteca.facha.edu.br\/index.php\/wp-json\/wp\/v2\/users\/2"}],"replies":[{"embeddable":true,"href":"https:\/\/biblioteca.facha.edu.br\/index.php\/wp-json\/wp\/v2\/comments?post=927"}],"version-history":[{"count":5,"href":"https:\/\/biblioteca.facha.edu.br\/index.php\/wp-json\/wp\/v2\/pages\/927\/revisions"}],"predecessor-version":[{"id":1992,"href":"https:\/\/biblioteca.facha.edu.br\/index.php\/wp-json\/wp\/v2\/pages\/927\/revisions\/1992"}],"up":[{"embeddable":true,"href":"https:\/\/biblioteca.facha.edu.br\/index.php\/wp-json\/wp\/v2\/pages\/499"}],"wp:attachment":[{"href":"https:\/\/biblioteca.facha.edu.br\/index.php\/wp-json\/wp\/v2\/media?parent=927"}],"curies":[{"name":"wp","href":"https:\/\/api.w.org\/{rel}","templated":true}]}}