{"id":918,"date":"2021-08-05T07:23:30","date_gmt":"2021-08-05T10:23:30","guid":{"rendered":"https:\/\/biblioteca2.facha.edu.br\/?page_id=918"},"modified":"2025-08-06T13:08:46","modified_gmt":"2025-08-06T16:08:46","slug":"bd-direito","status":"publish","type":"page","link":"https:\/\/biblioteca.facha.edu.br\/index.php\/bases-de-dados\/bd-direito\/","title":{"rendered":"BD Direito"},"content":{"rendered":"\n<p><meta charset=\"utf-8\"><\/meta><!-- Beginning of Link Library Output --><div id='linklist1' class='linklist'><!-- Div Linklist -->\n<div class=\"LinkLibraryCat LinkLibraryCat9 level0\"><!-- Div Category --><div id=\"bases-de-dados-de-direito\"><!-- Div Category Name --><div class=\"linklistcatname\"><!-- Div Cat Name --><span class=\"linklistcatclass\">Bases de Dados de Direito<\/span><\/div><!-- DivOrHeader --><\/div><!-- Div Category Name -->\n\t<ul>\n<li><a href=\"https:\/\/ambitojuridico.com.br\/\" id=\"link-445\" class=\"track_this_link \" rel=\"noopener noreferrer\" target=\"_blank\">\u00c2mbito Jur\u00eddico<\/a><\/li>\n<li><a href=\"https:\/\/teses.usp.br\/\" id=\"link-446\" class=\"track_this_link \" rel=\"noopener noreferrer\" target=\"_blank\">Banco de tese &#8211; USP<\/a><\/li>\n<li><a href=\"https:\/\/bce.unb.br\/bibliotecas-digitais\/repositorio\/teses-e-dissertacoes\/\" id=\"link-447\" class=\"track_this_link \" rel=\"noopener noreferrer\" target=\"_blank\">Banco de Teses e Disserta\u00e7\u00f5es da Universidade de Bras\u00edlia<\/a><\/li>\n<li><a href=\"http:\/\/143.107.2.22\/w2sdi.htm\" id=\"link-448\" class=\"track_this_link \" rel=\"noopener noreferrer\" target=\"_blank\">Biblioteca da Faculdade de Direito da Universidade de S\u00e3o Paulo<\/a><\/li>\n<li><a href=\"https:\/\/bd.camara.leg.br\/bd\/\" id=\"link-437\" class=\"track_this_link \" rel=\"noopener noreferrer\" target=\"_blank\">Biblioteca Digital da C\u00e2mara dos Deputados<\/a><\/li>\n<li><a href=\"http:\/\/www.bibliotecadigital.unicamp.br\/\" id=\"link-449\" class=\"track_this_link \" rel=\"noopener noreferrer\" target=\"_blank\">Biblioteca Digital da Unicamp<\/a><\/li>\n<li><a href=\"https:\/\/www2.senado.leg.br\/bdsf\/\" id=\"link-443\" class=\"track_this_link \" rel=\"noopener noreferrer\" target=\"_blank\">Biblioteca Digital do Senado Federal<\/a><\/li>\n<li><a href=\"https:\/\/www.cjf.jus.br\/cjf\/biblioteca\" id=\"link-438\" class=\"track_this_link \" rel=\"noopener noreferrer\" target=\"_blank\">Biblioteca do Conselho da Justi\u00e7a Federal<\/a><\/li>\n<li><a href=\"https:\/\/www.gov.br\/imprensanacional\/pt-br\" id=\"link-444\" class=\"track_this_link \" rel=\"noopener noreferrer\" target=\"_blank\">Di\u00e1rio Oficial da Uni\u00e3o, Di\u00e1rio da Justi\u00e7a e TRF<\/a><\/li>\n<li><a href=\"http:\/\/escola.mpu.mp.br\/\" id=\"link-442\" class=\"track_this_link \" rel=\"noopener noreferrer\" target=\"_blank\">Escola Superior do Minist\u00e9rio P\u00fablico da Uni\u00e3o<\/a><\/li>\n<li><a href=\"https:\/\/www.gov.br\/planalto\/pt-br\" id=\"link-450\" class=\"track_this_link \" rel=\"noopener noreferrer\" target=\"_blank\">Mundo Legal<\/a><\/li>\n<li><a href=\"https:\/\/lume.ufrgs.br\/\" id=\"link-440\" class=\"track_this_link \" rel=\"noopener noreferrer\" target=\"_blank\">Reposit\u00f3rio Digital- Universidade Federal do Rio Grande do Sul<\/a><\/li>\n<li><a href=\"https:\/\/www.thomsonreuters.com.br\/pt\/juridico.html\" id=\"link-452\" class=\"track_this_link \" rel=\"noopener noreferrer\" target=\"_blank\">Site Universo Jur\u00eddico<\/a><\/li>\n<li><a href=\"https:\/\/www.stj.jus.br\/sites\/portalp\/Inicio\" id=\"link-441\" class=\"track_this_link \" rel=\"noopener noreferrer\" target=\"_blank\">Superior Tribunal de Justi\u00e7a<\/a><\/li>\n<li><a href=\"http:\/\/www.stf.jus.br\/portal\/biblioteca\/pesquisarBibliotecaDigital.asp\" id=\"link-439\" class=\"track_this_link \" rel=\"noopener noreferrer\" target=\"_blank\">Supremo Tribunal Federal<\/a><\/li>\n<li><a href=\"https:\/\/pt.unesco.org\/fieldoffice\/brasilia\" id=\"link-451\" class=\"track_this_link \" rel=\"noopener noreferrer\" target=\"_blank\">UNESCO<\/a><\/li>\n\t<\/ul>\n<\/div><!-- Div End Category -->\n<script type='text\/javascript'>\njQuery(document).ready(function()\n{\njQuery('.arrow-up').hide();\njQuery('#linklist1 a.track_this_link').click(function() {\nlinkid = this.id;\nlinkid = linkid.substring(5);\npath = '';\njQuery.ajax( {    type: 'POST',    url: 'https:\/\/biblioteca.facha.edu.br\/wp-admin\/admin-ajax.php',     data: { action: 'link_library_tracker',             _ajax_nonce: '0d1bc10d1b',             id:linkid, xpath:path }     });\nreturn true;\n});\njQuery('#linklist1 .expandlinks').click(function() {\ntarget = '.' + jQuery(this).attr('id');\nsubcattarget = '.' + jQuery(this).attr('data-subcat');\nif ( jQuery( target ).is(':visible') ) {\njQuery(target).slideUp();\njQuery(subcattarget).slideToggle();\njQuery(this).children('img').attr('src', 'https:\/\/biblioteca.facha.edu.br\/wp-content\/plugins\/link-library\/icons\/expand-32.png');\n} else {\njQuery(target).slideDown();\njQuery(subcattarget).slideToggle();\njQuery(this).children('img').attr('src', 'https:\/\/biblioteca.facha.edu.br\/wp-content\/plugins\/link-library\/icons\/collapse-32.png');\n}\n});\njQuery('#linklist1 .linklistcatclass').click(function() {\njQuery(this).siblings('.expandlinks').click();\n});\njQuery('#linklist1 .linklistcatnamedesc').click(function() {\njQuery(this).siblings('.expandlinks').click();\n});\n});\n<\/script>\n<\/div><!-- Div Linklist -->\n<!-- End of Link Library Output -->\n\n<\/p>\n","protected":false},"excerpt":{"rendered":"","protected":false},"author":2,"featured_media":0,"parent":499,"menu_order":0,"comment_status":"closed","ping_status":"closed","template":"","meta":{"footnotes":""},"class_list":["post-918","page","type-page","status-publish","hentry"],"_links":{"self":[{"href":"https:\/\/biblioteca.facha.edu.br\/index.php\/wp-json\/wp\/v2\/pages\/918","targetHints":{"allow":["GET"]}}],"collection":[{"href":"https:\/\/biblioteca.facha.edu.br\/index.php\/wp-json\/wp\/v2\/pages"}],"about":[{"href":"https:\/\/biblioteca.facha.edu.br\/index.php\/wp-json\/wp\/v2\/types\/page"}],"author":[{"embeddable":true,"href":"https:\/\/biblioteca.facha.edu.br\/index.php\/wp-json\/wp\/v2\/users\/2"}],"replies":[{"embeddable":true,"href":"https:\/\/biblioteca.facha.edu.br\/index.php\/wp-json\/wp\/v2\/comments?post=918"}],"version-history":[{"count":5,"href":"https:\/\/biblioteca.facha.edu.br\/index.php\/wp-json\/wp\/v2\/pages\/918\/revisions"}],"predecessor-version":[{"id":1989,"href":"https:\/\/biblioteca.facha.edu.br\/index.php\/wp-json\/wp\/v2\/pages\/918\/revisions\/1989"}],"up":[{"embeddable":true,"href":"https:\/\/biblioteca.facha.edu.br\/index.php\/wp-json\/wp\/v2\/pages\/499"}],"wp:attachment":[{"href":"https:\/\/biblioteca.facha.edu.br\/index.php\/wp-json\/wp\/v2\/media?parent=918"}],"curies":[{"name":"wp","href":"https:\/\/api.w.org\/{rel}","templated":true}]}}