{"id":884,"date":"2021-08-03T15:26:17","date_gmt":"2021-08-03T18:26:17","guid":{"rendered":"https:\/\/biblioteca2.facha.edu.br\/?page_id=884"},"modified":"2025-08-06T15:09:55","modified_gmt":"2025-08-06T18:09:55","slug":"p-turismo","status":"publish","type":"page","link":"https:\/\/biblioteca.facha.edu.br\/index.php\/periodicos\/p-turismo\/","title":{"rendered":"P. Turismo"},"content":{"rendered":"\n<!-- Beginning of Link Library Output --><div id='linklist1' class='linklist'><!-- Div Linklist -->\n<div class=\"LinkLibraryCat LinkLibraryCat28 level0\"><!-- Div Category --><div id=\"periodicos-on-line-turismo\"><!-- Div Category Name --><div class=\"linklistcatname\"><!-- Div Cat Name --><span class=\"linklistcatclass\">Peri\u00f3dicos On Line - Turismo<\/span><\/div><!-- DivOrHeader --><\/div><!-- Div Category Name -->\n\t<ul>\n<li><a href=\"https:\/\/periodicos.ufjf.br\/index.php\/abet\" id=\"link-1383\" class=\"track_this_link \" rel=\"noopener noreferrer\" target=\"_blank\">ANAIS BRASILEIROS DE ESTUDOS TUR\u00cdSTICOS<\/a><\/li>\n<li><a href=\"http:\/\/www.ivt.coppe.ufrj.br\/caderno\/index.php\/caderno\" id=\"link-596\" class=\"track_this_link \" rel=\"noopener noreferrer\" target=\"_blank\">CADERNO VIRTUAL DE TURISMO<\/a><\/li>\n<li><a href=\"http:\/\/periodicos.uesc.br\/index.php\/cultur\" id=\"link-597\" class=\"track_this_link \" rel=\"noopener noreferrer\" target=\"_blank\">CULTUR &#8211; REVISTA DE CULTURA E TURISMO<\/a><\/li>\n<li><a href=\"https:\/\/www.revistahsm.com.br\/\" id=\"link-598\" class=\"track_this_link \" rel=\"noopener noreferrer\" target=\"_blank\">HSM MANAGEMENT<\/a><\/li>\n<li><a href=\"https:\/\/periodicos.ufmg.br\/index.php\/licere\" id=\"link-1384\" class=\"track_this_link \" rel=\"noopener noreferrer\" target=\"_blank\">LICERE REVISTA DE P\u00d3S-GRADUA\u00c7\u00c3O INTERDISCIPLINAR EM ESTUDOS DO LAZER<\/a><\/li>\n<li><a href=\"https:\/\/revistas.face.ufmg.br\/index.php\/mtr\" id=\"link-1385\" class=\"track_this_link \" rel=\"noopener noreferrer\" target=\"_blank\">MARKETING &#038; TOURISM REVIEW<\/a><\/li>\n<li><a href=\"https:\/\/www.revistas.usp.br\/matrizes\" id=\"link-825\" class=\"track_this_link \" rel=\"noopener noreferrer\" target=\"_blank\">MATRIZES<\/a><\/li>\n<li><a href=\"https:\/\/www.mercadoeeventos.com.br\/edicoes-digitais\/\" id=\"link-600\" class=\"track_this_link \" rel=\"noopener noreferrer\" target=\"_blank\">MERCADO DE EVENTOS<\/a><\/li>\n<li><a href=\"https:\/\/www.revistas.usp.br\/rege\" id=\"link-603\" class=\"track_this_link \" rel=\"noopener noreferrer\" target=\"_blank\">REGE: Revista de Gest\u00e3o<\/a><\/li>\n<li><a href=\"https:\/\/bibliotecadigital.fgv.br\/ojs\/index.php\/oit\" id=\"link-1386\" class=\"track_this_link \" rel=\"noopener noreferrer\" target=\"_blank\">REVISTA ACAD\u00caMICA DO OBSERVAT\u00d3RIO DE INOVA\u00c7\u00c3O DO TURISMO<\/a><\/li>\n<li><a href=\"https:\/\/periodicos.unifesp.br\/index.php\/ecoturismo\/issue\/view\/700\" id=\"link-604\" class=\"track_this_link \" rel=\"noopener noreferrer\" target=\"_blank\">REVISTA BRASILEIRA DE ECOTURISMO<\/a><\/li>\n<li><a href=\"https:\/\/periodicos.ufmg.br\/index.php\/rbel\/issue\/view\/1940\" id=\"link-1387\" class=\"track_this_link \" rel=\"noopener noreferrer\" target=\"_blank\">REVISTA BRASILEIRA DE ESTUDOS DE LAZER<\/a><\/li>\n<li><a href=\"https:\/\/www.rbtur.org.br\/rbtur\" id=\"link-606\" class=\"track_this_link \" rel=\"noopener noreferrer\" target=\"_blank\">REVISTA BRASILEIRA DE PESQUISA EM TURISMO (RBTUR)<\/a><\/li>\n<li><a href=\"https:\/\/periodicos.unb.br\/index.php\/revistacenario\/issue\/view\/1679\" id=\"link-607\" class=\"track_this_link \" rel=\"noopener noreferrer\" target=\"_blank\">REVISTA CEN\u00c1RIO<\/a><\/li>\n<li><a href=\"https:\/\/periodicos.ufpel.edu.br\/ojs2\/index.php\/AT\" id=\"link-608\" class=\"track_this_link \" rel=\"noopener noreferrer\" target=\"_blank\">REVISTA ELETR\u00d4NICA DE ADMINISTRA\u00c7\u00c3O E TURISMO<\/a><\/li>\n<li><a href=\"https:\/\/www.revhosp.org\/hospitalidade\/index\" id=\"link-610\" class=\"track_this_link \" rel=\"noopener noreferrer\" target=\"_blank\">REVISTA HOSPITALIDADE<\/a><\/li>\n<li><a href=\"https:\/\/www.seer.ufal.br\/index.php\/ritur\" id=\"link-1388\" class=\"track_this_link \" rel=\"noopener noreferrer\" target=\"_blank\">REVISTA IBEROAMERICANA DE TURISMO<\/a><\/li>\n<li><a href=\"https:\/\/revistas.una.br\/reuna\" id=\"link-611\" class=\"track_this_link \" rel=\"noopener noreferrer\" target=\"_blank\">REVISTA REUNA<\/a><\/li>\n<li><a href=\"https:\/\/periodicos.ufrn.br\/turismocontemporaneo\" id=\"link-612\" class=\"track_this_link \" rel=\"noopener noreferrer\" target=\"_blank\">REVISTA TURISMO CONTEMPOR\u00c2NEO<\/a><\/li>\n<li><a href=\"http:\/\/www.revistas.usp.br\/rta\" id=\"link-1389\" class=\"track_this_link \" rel=\"noopener noreferrer\" target=\"_blank\">REVISTA TURISMO EM AN\u00c1LISE<\/a><\/li>\n<li><a href=\"https:\/\/geplat.com\/rtep\/index.php\/tourism\" id=\"link-1390\" class=\"track_this_link \" rel=\"noopener noreferrer\" target=\"_blank\">REVISTA TURISMO ESTUDOS E PR\u00c1TICAS<\/a><\/li>\n<li><a href=\"https:\/\/periodicos.univali.br\/index.php\/rtva\/index\" id=\"link-1391\" class=\"track_this_link \" rel=\"noopener noreferrer\" target=\"_blank\">REVISTA TURISMO VIS\u00c3O E A\u00c7\u00c3O<\/a><\/li>\n<li><a href=\"https:\/\/sou.ucs.br\/revistas\/index.php\/rosadosventos\/issue\/view\/20\" id=\"link-1393\" class=\"track_this_link \" rel=\"noopener noreferrer\" target=\"_blank\">ROSA DOS VENTOS &#8211; TURISMO E HOSPITALIDADE<\/a><\/li>\n<li><a href=\"https:\/\/periodicos.ufrn.br\/revtursoter\" id=\"link-1394\" class=\"track_this_link \" rel=\"noopener noreferrer\" target=\"_blank\">TURISMO, SOCIEDADE E TERRIT\u00d3RIO<\/a><\/li>\n\t<\/ul>\n<\/div><!-- Div End Category -->\n<script type='text\/javascript'>\njQuery(document).ready(function()\n{\njQuery('.arrow-up').hide();\njQuery('#linklist1 a.track_this_link').click(function() {\nlinkid = this.id;\nlinkid = linkid.substring(5);\npath = '';\njQuery.ajax( {    type: 'POST',    url: 'https:\/\/biblioteca.facha.edu.br\/wp-admin\/admin-ajax.php',     data: { action: 'link_library_tracker',             _ajax_nonce: '425a887fe6',             id:linkid, xpath:path }     });\nreturn true;\n});\njQuery('#linklist1 .expandlinks').click(function() {\ntarget = '.' + jQuery(this).attr('id');\nsubcattarget = '.' + jQuery(this).attr('data-subcat');\nif ( jQuery( target ).is(':visible') ) {\njQuery(target).slideUp();\njQuery(subcattarget).slideToggle();\njQuery(this).children('img').attr('src', 'https:\/\/biblioteca.facha.edu.br\/wp-content\/plugins\/link-library\/icons\/expand-32.png');\n} else {\njQuery(target).slideDown();\njQuery(subcattarget).slideToggle();\njQuery(this).children('img').attr('src', 'https:\/\/biblioteca.facha.edu.br\/wp-content\/plugins\/link-library\/icons\/collapse-32.png');\n}\n});\njQuery('#linklist1 .linklistcatclass').click(function() {\njQuery(this).siblings('.expandlinks').click();\n});\njQuery('#linklist1 .linklistcatnamedesc').click(function() {\njQuery(this).siblings('.expandlinks').click();\n});\n});\n<\/script>\n<\/div><!-- Div Linklist -->\n<!-- End of Link Library Output -->\n\n\n","protected":false},"excerpt":{"rendered":"","protected":false},"author":2,"featured_media":0,"parent":74,"menu_order":0,"comment_status":"closed","ping_status":"closed","template":"","meta":{"footnotes":""},"class_list":["post-884","page","type-page","status-publish","hentry"],"_links":{"self":[{"href":"https:\/\/biblioteca.facha.edu.br\/index.php\/wp-json\/wp\/v2\/pages\/884","targetHints":{"allow":["GET"]}}],"collection":[{"href":"https:\/\/biblioteca.facha.edu.br\/index.php\/wp-json\/wp\/v2\/pages"}],"about":[{"href":"https:\/\/biblioteca.facha.edu.br\/index.php\/wp-json\/wp\/v2\/types\/page"}],"author":[{"embeddable":true,"href":"https:\/\/biblioteca.facha.edu.br\/index.php\/wp-json\/wp\/v2\/users\/2"}],"replies":[{"embeddable":true,"href":"https:\/\/biblioteca.facha.edu.br\/index.php\/wp-json\/wp\/v2\/comments?post=884"}],"version-history":[{"count":5,"href":"https:\/\/biblioteca.facha.edu.br\/index.php\/wp-json\/wp\/v2\/pages\/884\/revisions"}],"predecessor-version":[{"id":2076,"href":"https:\/\/biblioteca.facha.edu.br\/index.php\/wp-json\/wp\/v2\/pages\/884\/revisions\/2076"}],"up":[{"embeddable":true,"href":"https:\/\/biblioteca.facha.edu.br\/index.php\/wp-json\/wp\/v2\/pages\/74"}],"wp:attachment":[{"href":"https:\/\/biblioteca.facha.edu.br\/index.php\/wp-json\/wp\/v2\/media?parent=884"}],"curies":[{"name":"wp","href":"https:\/\/api.w.org\/{rel}","templated":true}]}}