{"id":882,"date":"2021-08-03T15:25:31","date_gmt":"2021-08-03T18:25:31","guid":{"rendered":"https:\/\/biblioteca2.facha.edu.br\/?page_id=882"},"modified":"2025-08-06T15:09:36","modified_gmt":"2025-08-06T18:09:36","slug":"p-rp","status":"publish","type":"page","link":"https:\/\/biblioteca.facha.edu.br\/index.php\/periodicos\/p-rp\/","title":{"rendered":"P. RP"},"content":{"rendered":"\n<!-- Beginning of Link Library Output --><div id='linklist1' class='linklist'><!-- Div Linklist -->\n<div class=\"LinkLibraryCat LinkLibraryCat27 level0\"><!-- Div Category --><div id=\"periodicos-on-line-relacoes-publicas\"><!-- Div Category Name --><div class=\"linklistcatname\"><!-- Div Cat Name --><span class=\"linklistcatclass\">Peri\u00f3dicos On Line - Rela\u00e7\u00f5es P\u00fablicas<\/span><\/div><!-- DivOrHeader --><\/div><!-- Div Category Name -->\n\t<ul>\n<li><a href=\"https:\/\/revistas.ufpr.br\/acaomidiatica\/index\" id=\"link-779\" class=\"track_this_link \" rel=\"noopener noreferrer\" target=\"_blank\">A\u00c7\u00c3O MIDI\u00c1TICA<\/a><\/li>\n<li><a href=\"http:\/\/revistaalceu.com.puc-rio.br\/index.php\/alceu\" id=\"link-1358\" class=\"track_this_link \" rel=\"noopener noreferrer\" target=\"_blank\">ALCEU (ONLINE)<\/a><\/li>\n<li><a href=\"https:\/\/periodicos.ufpb.br\/index.php\/arf\" id=\"link-1145\" class=\"track_this_link \" rel=\"noopener noreferrer\" target=\"_blank\">ALFKLARUNG &#8211; REVISTA DE FILOSOFIA<\/a><\/li>\n<li><a href=\"https:\/\/www.revistas.usp.br\/alterjor\" id=\"link-1360\" class=\"track_this_link \" rel=\"noopener noreferrer\" target=\"_blank\">ALTERJOR<\/a><\/li>\n<li><a href=\"https:\/\/www.revistas.usp.br\/anagrama\" id=\"link-564\" class=\"track_this_link \" rel=\"noopener noreferrer\" target=\"_blank\">ANAGRAMA<\/a><\/li>\n<li><a href=\"https:\/\/periodicos.ufsm.br\/index.php\/animus\/index\" id=\"link-780\" class=\"track_this_link \" rel=\"noopener noreferrer\" target=\"_blank\">ANIMUS<\/a><\/li>\n<li><a href=\"https:\/\/www.revista.ueg.br\/index.php\/atatot\/index\" id=\"link-1146\" class=\"track_this_link \" rel=\"noopener noreferrer\" target=\"_blank\">AT\u00c2T\u00d4 &#8211; REVISTA INTERDICIPLINAR DE DIREITOS HUMANOS<\/a><\/li>\n<li><a href=\"https:\/\/periodicos.ufsm.br\/ccomunicacao\" id=\"link-1362\" class=\"track_this_link \" rel=\"noopener noreferrer\" target=\"_blank\">CADERNOS DE COMUNICA\u00c7\u00c3O<\/a><\/li>\n<li><a href=\"http:\/\/revistacmc.espm.br\/index.php\/revistacmc\" id=\"link-1363\" class=\"track_this_link \" rel=\"noopener noreferrer\" target=\"_blank\">CMC: COMUNICA\u00c7\u00c3O, M\u00cdDIA E CONSUMO (ESPM)<\/a><\/li>\n<li><a href=\"http:\/\/revistacmc.espm.br\/index.php\/revistacmc\/issue\/archive\" id=\"link-1365\" class=\"track_this_link \" rel=\"noopener noreferrer\" target=\"_blank\">CMC: COMUNICA\u00c7\u00c3O, M\u00cdDIA E CONSUMO (ESPM)<\/a><\/li>\n<li><a href=\"https:\/\/casperlibero.edu.br\/revista-communicare\/\" id=\"link-582\" class=\"track_this_link \" rel=\"noopener noreferrer\" target=\"_blank\">COMMUNICARE<\/a><\/li>\n<li><a href=\"https:\/\/www.revistas.usp.br\/comueduc\/issue\/archive\" id=\"link-580\" class=\"track_this_link \" rel=\"noopener noreferrer\" target=\"_blank\">COMUNICA\u00c7\u00c3O &#038; EDUCA\u00c7\u00c3O<\/a><\/li>\n<li><a href=\"https:\/\/seer.uscs.edu.br\/index.php\/revista_comunicacao_inovacao\/index\" id=\"link-581\" class=\"track_this_link \" rel=\"noopener noreferrer\" target=\"_blank\">COMUNICA\u00c7\u00c3O &#038; INOVA\u00c7\u00c3O<\/a><\/li>\n<li><a href=\"https:\/\/revistas.metodista.br\/index.php\/comunicacaosociedade\" id=\"link-1315\" class=\"track_this_link \" rel=\"noopener noreferrer\" target=\"_blank\">COMUNICA\u00c7\u00c3O &#038; SOCIEDADE<\/a><\/li>\n<li><a href=\"https:\/\/www.metodista.br\/revistas\/revistas-ims\/index.php\/CSO\" id=\"link-1364\" class=\"track_this_link \" rel=\"noopener noreferrer\" target=\"_blank\">COMUNICA\u00c7\u00c3O &#038; SOCIEDADE<\/a><\/li>\n<li><a href=\"https:\/\/www.yumpu.com\/pt\/document\/view\/12475935\/revista-comunicacao-360\" id=\"link-583\" class=\"track_this_link \" rel=\"noopener noreferrer\" target=\"_blank\">COMUNICA\u00c7\u00c3O 360\u00ba<\/a><\/li>\n<li><a href=\"https:\/\/www.aberje.com.br\/revista\/\" id=\"link-584\" class=\"track_this_link \" rel=\"noopener noreferrer\" target=\"_blank\">COMUNICA\u00c7\u00c3O EMPRESARIAL<\/a><\/li>\n<li><a href=\"https:\/\/portalrevistas.ucb.br\/index.php\/RCEUCB\" id=\"link-585\" class=\"track_this_link \" rel=\"noopener noreferrer\" target=\"_blank\">COMUNICOLOGIA<\/a><\/li>\n<li><a href=\"http:\/\/www.ucs.br\/etc\/revistas\/index.php\/conexao\" id=\"link-1366\" class=\"track_this_link \" rel=\"noopener noreferrer\" target=\"_blank\">CONEX\u00c3O \u2013 COMUNICA\u00c7\u00c3O E CULTURA<\/a><\/li>\n<li><a href=\"https:\/\/www.periodicos.ufam.edu.br\/index.php\/conexoes\" id=\"link-586\" class=\"track_this_link \" rel=\"noopener noreferrer\" target=\"_blank\">CONEX\u00d5ES<\/a><\/li>\n<li><a href=\"https:\/\/revistas.unilasalle.edu.br\/index.php\/conhecimento_diversidade\" id=\"link-1367\" class=\"track_this_link \" rel=\"noopener noreferrer\" target=\"_blank\">CONHECIMENTO E DIVERSIDADE<\/a><\/li>\n<li><a href=\"https:\/\/periodicos.ufba.br\/index.php\/contemporaneaposcom\/\" id=\"link-1369\" class=\"track_this_link \" rel=\"noopener noreferrer\" target=\"_blank\">CONTEMPORANEA<\/a><\/li>\n<li><a href=\"https:\/\/periodicos.ufpb.br\/index.php\/cm\" id=\"link-1370\" class=\"track_this_link \" rel=\"noopener noreferrer\" target=\"_blank\">CULTURAS MIDI\u00c1TICAS<\/a><\/li>\n<li><a href=\"https:\/\/periodicos.ufsc.br\/index.php\/jornalismo\/index\" id=\"link-1371\" class=\"track_this_link \" rel=\"noopener noreferrer\" target=\"_blank\">ESTUDOS EM JORNALISMO E M\u00cdDIA<\/a><\/li>\n<li><a href=\"https:\/\/www.revistas.usp.br\/extraprensa\/index\" id=\"link-587\" class=\"track_this_link \" rel=\"noopener noreferrer\" target=\"_blank\">EXTRAPRENSA<\/a><\/li>\n<li><a href=\"http:\/\/bibliotecadigital.fgv.br\/ojs\/index.php\/gvcasos\" id=\"link-1372\" class=\"track_this_link \" rel=\"noopener noreferrer\" target=\"_blank\">GVCASOS \u2013 REVISTA BRASILEIRA DE CASOS DE ENSINO EM ADMINISTRA\u00c7\u00c3O<\/a><\/li>\n<li><a href=\"https:\/\/www.metodista.br\/revistas\/revistas-unimep\/index.php\/impulso\/index\" id=\"link-588\" class=\"track_this_link \" rel=\"noopener noreferrer\" target=\"_blank\">IMPULSO<\/a><\/li>\n<li><a href=\"https:\/\/revistas.intercom.org.br\/index.php\/iniciacom\" id=\"link-1373\" class=\"track_this_link \" rel=\"noopener noreferrer\" target=\"_blank\">INICIACOM: REVISTA BRASILEIRA DE INICIACAO CIENTIFICA EM COMUNICACAO SOCIAL<\/a><\/li>\n<li><a href=\"http:\/\/www.portcom.intercom.org.br\/revistas\/index.php\/revistaintercom\/index\" id=\"link-589\" class=\"track_this_link \" rel=\"noopener noreferrer\" target=\"_blank\">INTERCOM<\/a><\/li>\n<li><a href=\"https:\/\/revistas.intercom.org.br\/index.php\/revistaintercom\" id=\"link-1147\" class=\"track_this_link \" rel=\"noopener noreferrer\" target=\"_blank\">INTERCOM: REVISTA BRASILEIRA DE CI\u00caNCIAS DA COMUNICA\u00c7\u00c3O<\/a><\/li>\n<li><a href=\"https:\/\/revistas.intercom.org.br\/index.php\/revistaintercom\" id=\"link-1374\" class=\"track_this_link \" rel=\"noopener noreferrer\" target=\"_blank\">INTERCOM: REVISTA BRASILEIRA DE CI\u00caNCIAS DA COMUNICA\u00c7\u00c3O<\/a><\/li>\n<li><a href=\"https:\/\/seer.ufrgs.br\/intexto\" id=\"link-1375\" class=\"track_this_link \" rel=\"noopener noreferrer\" target=\"_blank\">INTEXTO<\/a><\/li>\n<li><a href=\"https:\/\/periodicos.ufmg.br\/index.php\/licere\" id=\"link-1376\" class=\"track_this_link \" rel=\"noopener noreferrer\" target=\"_blank\">LICERE REVISTA DE P\u00d3S-GRADUA\u00c7\u00c3O INTERDISCIPLINAR EM ESTUDOS DO LAZER<\/a><\/li>\n<li><a href=\"https:\/\/www.e-publicacoes.uerj.br\/index.php\/logos\" id=\"link-1377\" class=\"track_this_link \" rel=\"noopener noreferrer\" target=\"_blank\">LOGOS: COMUNICA\u00c7\u00c3O E UNIVERSIDADE<\/a><\/li>\n<li><a href=\"https:\/\/issuu.com\/mee-turismo\" id=\"link-590\" class=\"track_this_link \" rel=\"noopener noreferrer\" target=\"_blank\">MERCADO DE EVENTOS \u2013 Folha de Turismo<\/a><\/li>\n<li><a href=\"http:\/\/www.aberje.siteprofissional.com\/acervo_not_editoria.asp?EDITORIA=Revista%20MSG\" id=\"link-591\" class=\"track_this_link \" rel=\"noopener noreferrer\" target=\"_blank\">MSG &#8211; Revista de Comunica\u00e7\u00e3o e Cultura<\/a><\/li>\n<li><a href=\"https:\/\/www.mundodomarketing.com.br\/\" id=\"link-1378\" class=\"track_this_link \" rel=\"noopener noreferrer\" target=\"_blank\">MUNDO DO MARKETING \u2013 DIGITAL<\/a><\/li>\n<li><a href=\"https:\/\/www.scielo.br\/j\/nec\/\" id=\"link-592\" class=\"track_this_link \" rel=\"noopener noreferrer\" target=\"_blank\">NOVOS ESTUDOS \u2013 CEBRAP<\/a><\/li>\n<li><a href=\"https:\/\/www.scielo.br\/j\/op\/\" id=\"link-593\" class=\"track_this_link \" rel=\"noopener noreferrer\" target=\"_blank\">OPINI\u00c3O P\u00daBLICA<\/a><\/li>\n<li><a href=\"https:\/\/www.revistas.usp.br\/organicom\/issue\/view\/12810\" id=\"link-1379\" class=\"track_this_link \" rel=\"noopener noreferrer\" target=\"_blank\">ORGANICOM<\/a><\/li>\n<li><a href=\"https:\/\/rac.anpad.org.br\/index.php\/rac\" id=\"link-1182\" class=\"track_this_link \" rel=\"noopener noreferrer\" target=\"_blank\">RAC \u2013 REVISTA DE ADMINISTRA\u00c7\u00c3O CONTEMPOR\u00c2NEA<\/a><\/li>\n<li><a href=\"https:\/\/rae.fgv.br\/\" id=\"link-1183\" class=\"track_this_link \" rel=\"noopener noreferrer\" target=\"_blank\">RAE \u2013 REVISTA DE ADMINISTRA\u00c7\u00c3O DE EMPRESAS<\/a><\/li>\n<li><a href=\"https:\/\/www.revistas.usp.br\/rai\" id=\"link-1184\" class=\"track_this_link \" rel=\"noopener noreferrer\" target=\"_blank\">RAI \u2013 REVISTA DE ADMINISTRA\u00c7\u00c3O E INOVA\u00c7\u00c3O<\/a><\/li>\n<li><a href=\"http:\/\/www.revistabrasileiramarketing.org\/ojs-2.2.4\/index.php\/remark\/index\" id=\"link-798\" class=\"track_this_link \" rel=\"noopener noreferrer\" target=\"_blank\">REMARK: REVISTA BRASILEIRA DE MARKETING<\/a><\/li>\n<li><a href=\"https:\/\/revistas.uneb.br\/index.php\/babel\/index\" id=\"link-1151\" class=\"track_this_link \" rel=\"noopener noreferrer\" target=\"_blank\">REVISTA BABEL<\/a><\/li>\n<li><a href=\"https:\/\/www.revistas.usp.br\/ra\" id=\"link-1152\" class=\"track_this_link \" rel=\"noopener noreferrer\" target=\"_blank\">REVISTA DE ANTROPOLOGIA<\/a><\/li>\n<li><a href=\"https:\/\/www.revistas.unijui.edu.br\/index.php\/direitoshumanosedemocracia\" id=\"link-1153\" class=\"track_this_link \" rel=\"noopener noreferrer\" target=\"_blank\">REVISTA DE DIREITOS HUMANOS E DEMOCRACIA<\/a><\/li>\n<li><a href=\"https:\/\/www3.ufrb.edu.br\/seer\/index.php\/griot\/\" id=\"link-1154\" class=\"track_this_link \" rel=\"noopener noreferrer\" target=\"_blank\">REVISTA DE FILOSOFIA<\/a><\/li>\n<li><a href=\"https:\/\/revistas.ufpr.br\/rsp\" id=\"link-1155\" class=\"track_this_link \" rel=\"noopener noreferrer\" target=\"_blank\">REVISTA DE SOCIOLOGIA E POL\u00cdTICA<\/a><\/li>\n<li><a href=\"https:\/\/periodicos.fclar.unesp.br\/entrelinguas\" id=\"link-1158\" class=\"track_this_link \" rel=\"noopener noreferrer\" target=\"_blank\">REVISTA ENTREL\u00cdNGUAS<\/a><\/li>\n<li><a href=\"https:\/\/periodicos.unb.br\/index.php\/RICI\/index\" id=\"link-1381\" class=\"track_this_link \" rel=\"noopener noreferrer\" target=\"_blank\">REVISTA IBERO-AMERICANA DE CI\u00caNCIA DA INFORMA\u00c7\u00c3O<\/a><\/li>\n<li><a href=\"http:\/\/revistarelacionespublicas.uma.es\/index.php\/revrrpp\" id=\"link-1382\" class=\"track_this_link \" rel=\"noopener noreferrer\" target=\"_blank\">REVISTA INTERNACIONAL DE RELACIONES P\u00daBLICAS<\/a><\/li>\n<li><a href=\"https:\/\/revistas.ufpr.br\/letras\" id=\"link-1164\" class=\"track_this_link \" rel=\"noopener noreferrer\" target=\"_blank\">REVISTA LETRAS<\/a><\/li>\n<li><a href=\"https:\/\/ojs.letras.up.pt\/index.php\/prismacom\" id=\"link-595\" class=\"track_this_link \" rel=\"noopener noreferrer\" target=\"_blank\">REVISTA PRISMA.COM<\/a><\/li>\n<li><a href=\"http:\/\/www.usp.br\/rumores\/\" id=\"link-1350\" class=\"track_this_link \" rel=\"noopener noreferrer\" target=\"_blank\">RUMORES: REVISTA ONLINE DE COMUNICA\u00c7\u00c3O, LINGUAGEM E M\u00cdDIAS<\/a><\/li>\n<li><a href=\"https:\/\/www.revistas.usp.br\/signosdoconsumo\" id=\"link-1195\" class=\"track_this_link \" rel=\"noopener noreferrer\" target=\"_blank\">SIGNOS DO CONSUMO<\/a><\/li>\n\t<\/ul>\n<\/div><!-- Div End Category -->\n<script type='text\/javascript'>\njQuery(document).ready(function()\n{\njQuery('.arrow-up').hide();\njQuery('#linklist1 a.track_this_link').click(function() {\nlinkid = this.id;\nlinkid = linkid.substring(5);\npath = '';\njQuery.ajax( {    type: 'POST',    url: 'https:\/\/biblioteca.facha.edu.br\/wp-admin\/admin-ajax.php',     data: { action: 'link_library_tracker',             _ajax_nonce: '956b28e1b8',             id:linkid, xpath:path }     });\nreturn true;\n});\njQuery('#linklist1 .expandlinks').click(function() {\ntarget = '.' + jQuery(this).attr('id');\nsubcattarget = '.' + jQuery(this).attr('data-subcat');\nif ( jQuery( target ).is(':visible') ) {\njQuery(target).slideUp();\njQuery(subcattarget).slideToggle();\njQuery(this).children('img').attr('src', 'https:\/\/biblioteca.facha.edu.br\/wp-content\/plugins\/link-library\/icons\/expand-32.png');\n} else {\njQuery(target).slideDown();\njQuery(subcattarget).slideToggle();\njQuery(this).children('img').attr('src', 'https:\/\/biblioteca.facha.edu.br\/wp-content\/plugins\/link-library\/icons\/collapse-32.png');\n}\n});\njQuery('#linklist1 .linklistcatclass').click(function() {\njQuery(this).siblings('.expandlinks').click();\n});\njQuery('#linklist1 .linklistcatnamedesc').click(function() {\njQuery(this).siblings('.expandlinks').click();\n});\n});\n<\/script>\n<\/div><!-- Div Linklist -->\n<!-- End of Link Library Output -->\n\n\n","protected":false},"excerpt":{"rendered":"","protected":false},"author":2,"featured_media":0,"parent":74,"menu_order":0,"comment_status":"closed","ping_status":"closed","template":"","meta":{"footnotes":""},"class_list":["post-882","page","type-page","status-publish","hentry"],"_links":{"self":[{"href":"https:\/\/biblioteca.facha.edu.br\/index.php\/wp-json\/wp\/v2\/pages\/882","targetHints":{"allow":["GET"]}}],"collection":[{"href":"https:\/\/biblioteca.facha.edu.br\/index.php\/wp-json\/wp\/v2\/pages"}],"about":[{"href":"https:\/\/biblioteca.facha.edu.br\/index.php\/wp-json\/wp\/v2\/types\/page"}],"author":[{"embeddable":true,"href":"https:\/\/biblioteca.facha.edu.br\/index.php\/wp-json\/wp\/v2\/users\/2"}],"replies":[{"embeddable":true,"href":"https:\/\/biblioteca.facha.edu.br\/index.php\/wp-json\/wp\/v2\/comments?post=882"}],"version-history":[{"count":5,"href":"https:\/\/biblioteca.facha.edu.br\/index.php\/wp-json\/wp\/v2\/pages\/882\/revisions"}],"predecessor-version":[{"id":2075,"href":"https:\/\/biblioteca.facha.edu.br\/index.php\/wp-json\/wp\/v2\/pages\/882\/revisions\/2075"}],"up":[{"embeddable":true,"href":"https:\/\/biblioteca.facha.edu.br\/index.php\/wp-json\/wp\/v2\/pages\/74"}],"wp:attachment":[{"href":"https:\/\/biblioteca.facha.edu.br\/index.php\/wp-json\/wp\/v2\/media?parent=882"}],"curies":[{"name":"wp","href":"https:\/\/api.w.org\/{rel}","templated":true}]}}