{"id":876,"date":"2021-08-03T15:22:32","date_gmt":"2021-08-03T18:22:32","guid":{"rendered":"https:\/\/biblioteca2.facha.edu.br\/?page_id=876"},"modified":"2025-08-06T15:07:55","modified_gmt":"2025-08-06T18:07:55","slug":"p-marketing","status":"publish","type":"page","link":"https:\/\/biblioteca.facha.edu.br\/index.php\/periodicos\/p-marketing\/","title":{"rendered":"P. Marketing"},"content":{"rendered":"\n<!-- Beginning of Link Library Output --><div id='linklist1' class='linklist'><!-- Div Linklist -->\n<div class=\"LinkLibraryCat LinkLibraryCat24 level0\"><!-- Div Category --><div id=\"periodicos-on-line-marketing\"><!-- Div Category Name --><div class=\"linklistcatname\"><!-- Div Cat Name --><span class=\"linklistcatclass\">Peri\u00f3dicos On Line - Marketing<\/span><\/div><!-- DivOrHeader --><\/div><!-- Div Category Name -->\n\t<ul>\n<li><a href=\"http:\/\/revistaadmmade.estacio.br\/index.php\/admmade\/index\" id=\"link-732\" class=\"track_this_link \" rel=\"noopener noreferrer\" target=\"_blank\">ADM.MADE<\/a><\/li>\n<li><a href=\"http:\/\/revista.unicuritiba.edu.br\/index.php\/admrevista\/index\" id=\"link-733\" class=\"track_this_link \" rel=\"noopener noreferrer\" target=\"_blank\">ADMINISTRA\u00c7\u00c3O DE EMPRESAS EM REVISTA<\/a><\/li>\n<li><a href=\"https:\/\/periodicos.ufpb.br\/index.php\/arf\" id=\"link-1145\" class=\"track_this_link \" rel=\"noopener noreferrer\" target=\"_blank\">ALFKLARUNG &#8211; REVISTA DE FILOSOFIA<\/a><\/li>\n<li><a href=\"https:\/\/periodicos.ufv.br\/apgs\/\" id=\"link-736\" class=\"track_this_link \" rel=\"noopener noreferrer\" target=\"_blank\">APGS &#8211; ADMINISTRA\u00c7\u00c3O P\u00daBLICA E GEST\u00c3O SOCIAL<\/a><\/li>\n<li><a href=\"https:\/\/www.revista.ueg.br\/index.php\/atatot\/index\" id=\"link-1146\" class=\"track_this_link \" rel=\"noopener noreferrer\" target=\"_blank\">AT\u00c2T\u00d4 &#8211; REVISTA INTERDICIPLINAR DE DIREITOS HUMANOS<\/a><\/li>\n<li><a href=\"https:\/\/bar.anpad.org.br\/index.php\/bar\" id=\"link-737\" class=\"track_this_link \" rel=\"noopener noreferrer\" target=\"_blank\">BAR &#8211; ADMINISTRATION REVIEW<\/a><\/li>\n<li><a href=\"http:\/\/revistas.unisinos.br\/index.php\/base\" id=\"link-738\" class=\"track_this_link \" rel=\"noopener noreferrer\" target=\"_blank\">BASE<\/a><\/li>\n<li><a href=\"https:\/\/periodicos.uem.br\/ojs\/index.php\/CadAdm\/issue\/view\/1589\" id=\"link-739\" class=\"track_this_link \" rel=\"noopener noreferrer\" target=\"_blank\">CADERNO DE ADMINISTRA\u00c7\u00c3O (UEM)<\/a><\/li>\n<li><a href=\"http:\/\/digitalmarketingmagazine.co.uk\/articles\" id=\"link-742\" class=\"track_this_link \" rel=\"noopener noreferrer\" target=\"_blank\">DIGITAL MARKETING MAGAZINE<\/a><\/li>\n<li><a href=\"https:\/\/www.revistas.usp.br\/ecoa\" id=\"link-743\" class=\"track_this_link \" rel=\"noopener noreferrer\" target=\"_blank\">ECONOMIA APLICADA<\/a><\/li>\n<li><a href=\"https:\/\/www.revistas.usp.br\/ee\" id=\"link-745\" class=\"track_this_link \" rel=\"noopener noreferrer\" target=\"_blank\">ESTUDOS ECON\u00d4MICOS<\/a><\/li>\n<li><a href=\"http:\/\/revista.fumec.br\/index.php\/facesp\/issue\/view\/379\" id=\"link-747\" class=\"track_this_link \" rel=\"noopener noreferrer\" target=\"_blank\">FACES: REVISTA DE ADMINISTRA\u00c7\u00c3O<\/a><\/li>\n<li><a href=\"http:\/\/bibliotecadigital.fgv.br\/ojs\/index.php\/gvcasos\" id=\"link-748\" class=\"track_this_link \" rel=\"noopener noreferrer\" target=\"_blank\">GVCASOS &#8211; REVISTA BRASILEIRA DE CASOS DE ENSINO EM ADMINISTRA\u00c7\u00c3O<\/a><\/li>\n<li><a href=\"https:\/\/www.revistahsm.com.br\/\" id=\"link-749\" class=\"track_this_link \" rel=\"noopener noreferrer\" target=\"_blank\">HSM MANAGEMENT<\/a><\/li>\n<li><a href=\"https:\/\/revistas.intercom.org.br\/index.php\/revistaintercom\" id=\"link-1147\" class=\"track_this_link \" rel=\"noopener noreferrer\" target=\"_blank\">INTERCOM: REVISTA BRASILEIRA DE CI\u00caNCIAS DA COMUNICA\u00c7\u00c3O<\/a><\/li>\n<li><a href=\"https:\/\/www.revistas.usp.br\/matrizes\" id=\"link-825\" class=\"track_this_link \" rel=\"noopener noreferrer\" target=\"_blank\">MATRIZES<\/a><\/li>\n<li><a href=\"http:\/\/revista.fumec.br\/index.php\/mediacao\" id=\"link-752\" class=\"track_this_link \" rel=\"noopener noreferrer\" target=\"_blank\">MEDIA\u00c7\u00c3O<\/a><\/li>\n<li><a href=\"https:\/\/melhorrh.com.br\/\" id=\"link-753\" class=\"track_this_link \" rel=\"noopener noreferrer\" target=\"_blank\">MELHOR &#8211; GEST\u00c3O DE PESSOAS<\/a><\/li>\n<li><a href=\"https:\/\/www.mundodomarketing.com.br\/\" id=\"link-754\" class=\"track_this_link \" rel=\"noopener noreferrer\" target=\"_blank\">MUNDO DO MARKETING &#8211; DIGITAL<\/a><\/li>\n<li><a href=\"https:\/\/revistapegn.globo.com\/\" id=\"link-548\" class=\"track_this_link \" rel=\"noopener noreferrer\" target=\"_blank\">PEGN<\/a><\/li>\n<li><a href=\"https:\/\/revistapmkt.com.br\/pt_br\/publicacoes\/\" id=\"link-755\" class=\"track_this_link \" rel=\"noopener noreferrer\" target=\"_blank\">PMKT &#8211; REVISTA BRASILEIRA DE PESQUISAS DE MARKETING, OPINI\u00c3O E M\u00cdDIA<\/a><\/li>\n<li><a href=\"https:\/\/rac.anpad.org.br\/index.php\/rac\" id=\"link-756\" class=\"track_this_link \" rel=\"noopener noreferrer\" target=\"_blank\">RAC &#8211; REVISTA DE ADMINISTRA\u00c7\u00c3O CONTEMPOR\u00c2NEA<\/a><\/li>\n<li><a href=\"https:\/\/rae.fgv.br\/\" id=\"link-1183\" class=\"track_this_link \" rel=\"noopener noreferrer\" target=\"_blank\">RAE \u2013 REVISTA DE ADMINISTRA\u00c7\u00c3O DE EMPRESAS<\/a><\/li>\n<li><a href=\"https:\/\/raep.emnuvens.com.br\/raep\" id=\"link-758\" class=\"track_this_link \" rel=\"noopener noreferrer\" target=\"_blank\">RAEP &#8211; REVISTA DE ADMINISTRA\u00c7\u00c3O, ENSINO E PESQUISA<\/a><\/li>\n<li><a href=\"https:\/\/www.revistas.usp.br\/rai\" id=\"link-1184\" class=\"track_this_link \" rel=\"noopener noreferrer\" target=\"_blank\">RAI \u2013 REVISTA DE ADMINISTRA\u00c7\u00c3O E INOVA\u00c7\u00c3O<\/a><\/li>\n<li><a href=\"https:\/\/www.revista.ueg.br\/index.php\/revista_administracao\" id=\"link-760\" class=\"track_this_link \" rel=\"noopener noreferrer\" target=\"_blank\">RAUEG &#8211; REVISTA DE ADMINISTRA\u00c7\u00c3O DA UEG<\/a><\/li>\n<li><a href=\"https:\/\/www.revistas.usp.br\/rmj\" id=\"link-761\" class=\"track_this_link \" rel=\"noopener noreferrer\" target=\"_blank\">RAUSP MANAGEMENT JOURNAL<\/a><\/li>\n<li><a href=\"https:\/\/periodicos.ufsc.br\/index.php\/adm\" id=\"link-762\" class=\"track_this_link \" rel=\"noopener noreferrer\" target=\"_blank\">RCA &#8211; REVISTA DE CI\u00caNCIAS DA ADMINISTRA\u00c7\u00c3O<\/a><\/li>\n<li><a href=\"https:\/\/periodicos.ufsm.br\/reaufsm\" id=\"link-763\" class=\"track_this_link \" rel=\"noopener noreferrer\" target=\"_blank\">REA &#8211; REVISTA DE ADMINISTRA\u00c7\u00c3O DA UFSM<\/a><\/li>\n<li><a href=\"https:\/\/seer.ufrgs.br\/read\" id=\"link-764\" class=\"track_this_link \" rel=\"noopener noreferrer\" target=\"_blank\">READ &#8211; REVISTA ELETR\u00d4NICA DE ADMINISTRA\u00c7\u00c3O<\/a><\/li>\n<li><a href=\"http:\/\/www.periodicosibepes.org.br\/index.php\/recadm\/\" id=\"link-765\" class=\"track_this_link \" rel=\"noopener noreferrer\" target=\"_blank\">RECADM &#8211; REVISTA ELETR\u00d4NICA DE CI\u00caNCIA ADMINISTRATIVA<\/a><\/li>\n<li><a href=\"https:\/\/www.revistas.usp.br\/rege\" id=\"link-766\" class=\"track_this_link \" rel=\"noopener noreferrer\" target=\"_blank\">REGE: REVISTA DE GEST\u00c3O<\/a><\/li>\n<li><a href=\"http:\/\/www.revistabrasileiramarketing.org\/ojs-2.2.4\/index.php\/remark\/index\" id=\"link-798\" class=\"track_this_link \" rel=\"noopener noreferrer\" target=\"_blank\">REMARK: REVISTA BRASILEIRA DE MARKETING<\/a><\/li>\n<li><a href=\"https:\/\/www.anfip.org.br\/publicacoes\/revistas\/\" id=\"link-768\" class=\"track_this_link \" rel=\"noopener noreferrer\" target=\"_blank\">RESPONSABILIDADE SOCIAL, SEGURIDADE SOCIAL E TRIBUTA\u00c7\u00c3O<\/a><\/li>\n<li><a href=\"https:\/\/reunir.revistas.ufcg.edu.br\/index.php\/uacc\/issue\/view\/31\" id=\"link-769\" class=\"track_this_link \" rel=\"noopener noreferrer\" target=\"_blank\">REUNIR &#8211; REVISTA DE ADMINISTRA\u00c7\u00c3O, CONTABILIDADE E SUSTENTABILIDADE<\/a><\/li>\n<li><a href=\"https:\/\/revistas.uneb.br\/index.php\/babel\/index\" id=\"link-1151\" class=\"track_this_link \" rel=\"noopener noreferrer\" target=\"_blank\">REVISTA BABEL<\/a><\/li>\n<li><a href=\"https:\/\/periodicos.unifor.br\/rca\" id=\"link-771\" class=\"track_this_link \" rel=\"noopener noreferrer\" target=\"_blank\">REVISTA CI\u00caNCIAS ADMINISTRATIVAS<\/a><\/li>\n<li><a href=\"https:\/\/www.revistas.usp.br\/rausp\" id=\"link-772\" class=\"track_this_link \" rel=\"noopener noreferrer\" target=\"_blank\">REVISTA DE ADMINISTRA\u00c7\u00c3O<\/a><\/li>\n<li><a href=\"https:\/\/www.revistas.unijui.edu.br\/index.php\/direitoshumanosedemocracia\" id=\"link-1153\" class=\"track_this_link \" rel=\"noopener noreferrer\" target=\"_blank\">REVISTA DE DIREITOS HUMANOS E DEMOCRACIA<\/a><\/li>\n<li><a href=\"https:\/\/www3.ufrb.edu.br\/seer\/index.php\/griot\/\" id=\"link-1154\" class=\"track_this_link \" rel=\"noopener noreferrer\" target=\"_blank\">REVISTA DE FILOSOFIA<\/a><\/li>\n<li><a href=\"https:\/\/periodicos.fclar.unesp.br\/entrelinguas\" id=\"link-1158\" class=\"track_this_link \" rel=\"noopener noreferrer\" target=\"_blank\">REVISTA ENTREL\u00cdNGUAS<\/a><\/li>\n<li><a href=\"https:\/\/revistas.ufpr.br\/letras\" id=\"link-1164\" class=\"track_this_link \" rel=\"noopener noreferrer\" target=\"_blank\">REVISTA LETRAS<\/a><\/li>\n<li><a href=\"https:\/\/ibrac.org.br\/revistas.htm\" id=\"link-774\" class=\"track_this_link \" rel=\"noopener noreferrer\" target=\"_blank\">RIBRAC &#8211; REVISTA DO IBRAC<\/a><\/li>\n<li><a href=\"https:\/\/www.revistas.usp.br\/Rumores\" id=\"link-776\" class=\"track_this_link \" rel=\"noopener noreferrer\" target=\"_blank\">RUMORES \u2013 REVISTA ONLINE DE COMUNICA\u00c7\u00c3O, LINGUAGEM E M\u00cdDIA PUBLICADA<\/a><\/li>\n<li><a href=\"https:\/\/www.revistas.usp.br\/signosdoconsumo\" id=\"link-1195\" class=\"track_this_link \" rel=\"noopener noreferrer\" target=\"_blank\">SIGNOS DO CONSUMO<\/a><\/li>\n<li><a href=\"http:\/\/marketing-bulletin.massey.ac.nz\/\" id=\"link-777\" class=\"track_this_link \" rel=\"noopener noreferrer\" target=\"_blank\">THE MARKETING BULLETIN<\/a><\/li>\n<li><a href=\"https:\/\/www.revistas.usp.br\/spjournal\" id=\"link-778\" class=\"track_this_link \" rel=\"noopener noreferrer\" target=\"_blank\">THE S\u00c3O PAULO JOURNAL OF MATHEMATICAL SCIENCES<\/a><\/li>\n\t<\/ul>\n<\/div><!-- Div End Category -->\n<script type='text\/javascript'>\njQuery(document).ready(function()\n{\njQuery('.arrow-up').hide();\njQuery('#linklist1 a.track_this_link').click(function() {\nlinkid = this.id;\nlinkid = linkid.substring(5);\npath = '';\njQuery.ajax( {    type: 'POST',    url: 'https:\/\/biblioteca.facha.edu.br\/wp-admin\/admin-ajax.php',     data: { action: 'link_library_tracker',             _ajax_nonce: '85dfce5b03',             id:linkid, xpath:path }     });\nreturn true;\n});\njQuery('#linklist1 .expandlinks').click(function() {\ntarget = '.' + jQuery(this).attr('id');\nsubcattarget = '.' + jQuery(this).attr('data-subcat');\nif ( jQuery( target ).is(':visible') ) {\njQuery(target).slideUp();\njQuery(subcattarget).slideToggle();\njQuery(this).children('img').attr('src', 'https:\/\/biblioteca.facha.edu.br\/wp-content\/plugins\/link-library\/icons\/expand-32.png');\n} else {\njQuery(target).slideDown();\njQuery(subcattarget).slideToggle();\njQuery(this).children('img').attr('src', 'https:\/\/biblioteca.facha.edu.br\/wp-content\/plugins\/link-library\/icons\/collapse-32.png');\n}\n});\njQuery('#linklist1 .linklistcatclass').click(function() {\njQuery(this).siblings('.expandlinks').click();\n});\njQuery('#linklist1 .linklistcatnamedesc').click(function() {\njQuery(this).siblings('.expandlinks').click();\n});\n});\n<\/script>\n<\/div><!-- Div Linklist -->\n<!-- End of Link Library Output -->\n\n\n","protected":false},"excerpt":{"rendered":"","protected":false},"author":2,"featured_media":0,"parent":74,"menu_order":0,"comment_status":"closed","ping_status":"closed","template":"","meta":{"footnotes":""},"class_list":["post-876","page","type-page","status-publish","hentry"],"_links":{"self":[{"href":"https:\/\/biblioteca.facha.edu.br\/index.php\/wp-json\/wp\/v2\/pages\/876","targetHints":{"allow":["GET"]}}],"collection":[{"href":"https:\/\/biblioteca.facha.edu.br\/index.php\/wp-json\/wp\/v2\/pages"}],"about":[{"href":"https:\/\/biblioteca.facha.edu.br\/index.php\/wp-json\/wp\/v2\/types\/page"}],"author":[{"embeddable":true,"href":"https:\/\/biblioteca.facha.edu.br\/index.php\/wp-json\/wp\/v2\/users\/2"}],"replies":[{"embeddable":true,"href":"https:\/\/biblioteca.facha.edu.br\/index.php\/wp-json\/wp\/v2\/comments?post=876"}],"version-history":[{"count":5,"href":"https:\/\/biblioteca.facha.edu.br\/index.php\/wp-json\/wp\/v2\/pages\/876\/revisions"}],"predecessor-version":[{"id":2072,"href":"https:\/\/biblioteca.facha.edu.br\/index.php\/wp-json\/wp\/v2\/pages\/876\/revisions\/2072"}],"up":[{"embeddable":true,"href":"https:\/\/biblioteca.facha.edu.br\/index.php\/wp-json\/wp\/v2\/pages\/74"}],"wp:attachment":[{"href":"https:\/\/biblioteca.facha.edu.br\/index.php\/wp-json\/wp\/v2\/media?parent=876"}],"curies":[{"name":"wp","href":"https:\/\/api.w.org\/{rel}","templated":true}]}}