{"id":81,"date":"2021-06-11T12:19:19","date_gmt":"2021-06-11T15:19:19","guid":{"rendered":"https:\/\/biblioteca2.facha.edu.br\/?page_id=81"},"modified":"2021-06-11T12:19:19","modified_gmt":"2021-06-11T15:19:19","slug":"reservas","status":"publish","type":"page","link":"https:\/\/biblioteca.facha.edu.br\/index.php\/reservas\/","title":{"rendered":"Reservas"},"content":{"rendered":"\n<p>A Biblioteca oferece a reserva das salas de estudo e v\u00eddeo para reuni\u00f5es de alunos e professores. Para agendar sua reserva dirija-se ao balc\u00e3o de atendimento ou ligue para 2102-3117.\u00a0<\/p>\n","protected":false},"excerpt":{"rendered":"<p>A Biblioteca oferece a reserva das salas de estudo e v\u00eddeo para reuni\u00f5es de alunos e professores. Para agendar sua reserva dirija-se ao balc\u00e3o de atendimento ou ligue para 2102-3117.\u00a0<\/p>\n","protected":false},"author":2,"featured_media":0,"parent":0,"menu_order":0,"comment_status":"closed","ping_status":"closed","template":"","meta":{"footnotes":""},"class_list":["post-81","page","type-page","status-publish","hentry"],"_links":{"self":[{"href":"https:\/\/biblioteca.facha.edu.br\/index.php\/wp-json\/wp\/v2\/pages\/81","targetHints":{"allow":["GET"]}}],"collection":[{"href":"https:\/\/biblioteca.facha.edu.br\/index.php\/wp-json\/wp\/v2\/pages"}],"about":[{"href":"https:\/\/biblioteca.facha.edu.br\/index.php\/wp-json\/wp\/v2\/types\/page"}],"author":[{"embeddable":true,"href":"https:\/\/biblioteca.facha.edu.br\/index.php\/wp-json\/wp\/v2\/users\/2"}],"replies":[{"embeddable":true,"href":"https:\/\/biblioteca.facha.edu.br\/index.php\/wp-json\/wp\/v2\/comments?post=81"}],"version-history":[{"count":1,"href":"https:\/\/biblioteca.facha.edu.br\/index.php\/wp-json\/wp\/v2\/pages\/81\/revisions"}],"predecessor-version":[{"id":83,"href":"https:\/\/biblioteca.facha.edu.br\/index.php\/wp-json\/wp\/v2\/pages\/81\/revisions\/83"}],"wp:attachment":[{"href":"https:\/\/biblioteca.facha.edu.br\/index.php\/wp-json\/wp\/v2\/media?parent=81"}],"curies":[{"name":"wp","href":"https:\/\/api.w.org\/{rel}","templated":true}]}}