{"id":406,"date":"2021-07-19T15:26:12","date_gmt":"2021-07-19T18:26:12","guid":{"rendered":"https:\/\/biblioteca2.facha.edu.br\/?page_id=406"},"modified":"2021-07-19T15:26:13","modified_gmt":"2021-07-19T18:26:13","slug":"trabalhos-academicos-pesquisa-e-normas-de-apresentacao","status":"publish","type":"page","link":"https:\/\/biblioteca.facha.edu.br\/index.php\/trabalhos-academicos-pesquisa-e-normas-de-apresentacao\/","title":{"rendered":"Trabalhos acad\u00eamicos &#8211; pesquisa e normas de apresenta\u00e7\u00e3o"},"content":{"rendered":"\n<p><strong>Programa<\/strong><\/p>\n\n\n\n<p>P\u00fablico Alvo: Alunos matriculados em Monografia<\/p>\n\n\n\n<p>Respons\u00e1vel : Bibliotec\u00e1rio do campus<\/p>\n\n\n\n<p>Dura\u00e7\u00e3o: 30 min<\/p>\n\n\n\n<p>Inscri\u00e7\u00f5es:\u00a0<a href=\"mailto:biblioteca@facha.edu.br\" target=\"_blank\" rel=\"noreferrer noopener\">email da Biblioteca<\/a>\u00a0ou no Balc\u00e3o de Atendimento<\/p>\n\n\n\n<p>Metodologia: Exposi\u00e7\u00e3o oral<\/p>\n\n\n\n<p>T\u00f3picos abordados:<\/p>\n\n\n\n<ul class=\"wp-block-list\"><li>Que s\u00e3o sites de pesquisa: como funcionam<\/li><li>Apresenta\u00e7\u00e3o das Normas da Facha<\/li><li>Apresenta\u00e7\u00e3o das Normas da ABNT: refer\u00eancia bibliogr\u00e1fica, cita\u00e7\u00e3o, notas de rodap\u00e9<\/li><li>Refer\u00eancia de artigos encontrados na Internet<\/li><\/ul>\n","protected":false},"excerpt":{"rendered":"<p>Programa P\u00fablico Alvo: Alunos matriculados em Monografia Respons\u00e1vel : Bibliotec\u00e1rio do campus Dura\u00e7\u00e3o: 30 min Inscri\u00e7\u00f5es:\u00a0email da Biblioteca\u00a0ou no Balc\u00e3o de Atendimento Metodologia: Exposi\u00e7\u00e3o oral T\u00f3picos abordados: Que s\u00e3o sites de pesquisa: como funcionam Apresenta\u00e7\u00e3o das Normas da Facha Apresenta\u00e7\u00e3o das Normas da ABNT: refer\u00eancia bibliogr\u00e1fica, cita\u00e7\u00e3o, notas de rodap\u00e9 Refer\u00eancia de artigos encontrados na [&hellip;]<\/p>\n","protected":false},"author":2,"featured_media":0,"parent":0,"menu_order":0,"comment_status":"closed","ping_status":"closed","template":"","meta":{"footnotes":""},"class_list":["post-406","page","type-page","status-publish","hentry"],"_links":{"self":[{"href":"https:\/\/biblioteca.facha.edu.br\/index.php\/wp-json\/wp\/v2\/pages\/406","targetHints":{"allow":["GET"]}}],"collection":[{"href":"https:\/\/biblioteca.facha.edu.br\/index.php\/wp-json\/wp\/v2\/pages"}],"about":[{"href":"https:\/\/biblioteca.facha.edu.br\/index.php\/wp-json\/wp\/v2\/types\/page"}],"author":[{"embeddable":true,"href":"https:\/\/biblioteca.facha.edu.br\/index.php\/wp-json\/wp\/v2\/users\/2"}],"replies":[{"embeddable":true,"href":"https:\/\/biblioteca.facha.edu.br\/index.php\/wp-json\/wp\/v2\/comments?post=406"}],"version-history":[{"count":1,"href":"https:\/\/biblioteca.facha.edu.br\/index.php\/wp-json\/wp\/v2\/pages\/406\/revisions"}],"predecessor-version":[{"id":408,"href":"https:\/\/biblioteca.facha.edu.br\/index.php\/wp-json\/wp\/v2\/pages\/406\/revisions\/408"}],"wp:attachment":[{"href":"https:\/\/biblioteca.facha.edu.br\/index.php\/wp-json\/wp\/v2\/media?parent=406"}],"curies":[{"name":"wp","href":"https:\/\/api.w.org\/{rel}","templated":true}]}}