{"id":388,"date":"2021-07-19T14:54:24","date_gmt":"2021-07-19T17:54:24","guid":{"rendered":"https:\/\/biblioteca2.facha.edu.br\/?page_id=388"},"modified":"2021-07-19T14:56:34","modified_gmt":"2021-07-19T17:56:34","slug":"sites-de-livros-gratis","status":"publish","type":"page","link":"https:\/\/biblioteca.facha.edu.br\/index.php\/sites-de-livros-gratis\/","title":{"rendered":"Sites de livros gr\u00e1tis"},"content":{"rendered":"\n<p><strong>CATRACA LIVRE<\/strong><\/p>\n\n\n\n<p><a href=\"http:\/\/catracalivre.com.br\/geral\/livro\/indicacao\/285-livros-de-comunicacao-para-download\/\"><\/a><a href=\"http:\/\/catracalivre.com.br\/geral\/livro\/indicacao\/285-livros-de-comunicacao-para-download\/\">http:\/\/catracalivre.com.br\/geral\/livro\/indicacao\/285-livros-de-comunicacao-para-download\/<\/a><strong><\/strong><\/p>\n\n\n\n<p>O&nbsp;<a href=\"http:\/\/www.blogmidia8.com\/\" target=\"_blank\" rel=\"noreferrer noopener\">blog Midia8<\/a>&nbsp;\u2013 que nasceu em 2007 e publica novidades do mundo da comunica\u00e7\u00e3o- compilou links de 285 t\u00edtulos de livros digitais em portugu\u00eas, ingl\u00eas e&nbsp;espanhol para ler online ou fazer download&nbsp;<strong>Catraca Livre<\/strong>.<\/p>\n\n\n\n<p>As obras abortam temas relacionados \u00e0 comunica\u00e7\u00e3o e cultura digital como&nbsp;ciberjornalismo, literatura digital, redes sociais, marketing digital, cibercultura, web 2.0, SEO, Marketing entre outros.<\/p>\n\n\n\n<p>Confira a lista e aproveite a leitura!<\/p>\n\n\n\n<p><strong><br>LIVROS LABCOM<\/strong><\/p>\n\n\n\n<p><a href=\"http:\/\/www.livroslabcom.ubi.pt\/index.php\"><\/a><a href=\"http:\/\/www.livroslabcom.ubi.pt\/index.php\">http:\/\/www.livroslabcom.ubi.pt\/index.php<\/a><\/p>\n\n\n\n<p><strong>Livros Labcom<\/strong>\u00a0\u00e9 um projecto editorial que disponibiliza em PDF todos os livros publicados pelo LabCom: Laborat\u00f3rio de Comunica\u00e7\u00e3o On-line (<a rel=\"noreferrer noopener\" href=\"http:\/\/www.labcom.ubi.pt\/\" target=\"_blank\">www.labcom.ubi.pt<\/a>), um espa\u00e7o f\u00edsica e virtualmente afecto ao Departamento de Comunica\u00e7\u00e3o e Artes da Universidade da Beira Interior.<\/p>\n\n\n\n<p><\/p>\n\n\n\n<p><strong>PORTAL\u00a0 DO LIVRO ABERTO<\/strong><\/p>\n\n\n\n<p><a href=\"http:\/\/livroaberto.ibict.br\/\"><\/a><a href=\"http:\/\/livroaberto.ibict.br\/\">http:\/\/livroaberto.ibict.br\/<\/a><\/p>\n\n\n\n<p>J\u00e1 est\u00e1 no ar o Portal do Livro Aberto, que tem por objetivo reunir, divulgar, preservar e dar visibilidade a publica\u00e7\u00f5es oficiais em ci\u00eancia, tecnologia e inova\u00e7\u00e3o. Projeto viabilizado por meio de apoio financeiro da Finep, o portal \u00e9 mais um servi\u00e7o do IBICT aberto \u00e0 sociedade, e que hoje conta com a parceria de diferentes \u00f3rg\u00e3os dos<br>poderes Executivo e Legislativo.<\/p>\n\n\n\n<p><strong><br>UNIVERSIA BRASIL \u2013 20 LIVROS SOBRE CINEMA NACIONAL<\/strong><\/p>\n\n\n\n<p><a href=\"https:\/\/biblioteca.facha.edu.br\/index.php?option=com_content&amp;view=article&amp;id=16&amp;Itemid=87#.UQFDQGUoLW8.twitter\"><\/a><a href=\"https:\/\/biblioteca.facha.edu.br\/index.php?option=com_content&amp;view=article&amp;id=16&amp;Itemid=87#.UQFDQGUoLW8.twitter\">http:\/\/noticias.universia.com.br\/destaque\/noticia\/2012\/01\/13\/904938\/20-livros-gratis-cinema-nacional-baixar.html#.UQFDQGUoLW8.twitter<\/a><\/p>\n\n\n\n<p>A&nbsp;<strong>Universia Brasil<\/strong>, maior rede iberoamericana de colabora\u00e7\u00e3o universit\u00e1ria presente em 23 pa\u00edses, reuniu uma s\u00e9rie com&nbsp;<strong>20 livros sobre cinema nacional<\/strong>que est\u00e3o dispon\u00edveis de maneira gratuita na internet.<\/p>\n\n\n\n<p>Os livros fazem parte da\u00a0<strong>cole\u00e7\u00e3o Aplauso<\/strong>, criada pela\u00a0<strong>Imprensa Nacional<\/strong>\u00a0com o intuito de preservar a mem\u00f3ria da cultura nacional e democratizar o acesso ao conhecimento. Entre as obras est\u00e3o<strong>biografias de cineastas<\/strong>e<strong>roteiros de filmes brasileiros<\/strong>\u00a0que se destacaram no passado.<\/p>\n\n\n\n<p><strong><br>UNIVERSIA BRASIL \u2013 MAIS DE 500 LIVROS GRATIS PARA BAIXAR<\/strong><\/p>\n\n\n\n<p><a href=\"http:\/\/noticias.universia.com.br\/tag\/livros-gr%C3%A1tis\/\"><\/a><a href=\"http:\/\/noticias.universia.com.br\/tag\/livros-gr%C3%A1tis\/\">http:\/\/noticias.universia.com.br\/tag\/livros-gr%C3%A1tis\/<\/a><\/p>\n\n\n\n<p><strong><br>OBRA COMPLETA DE MACHADO DE ASSIS<\/strong><\/p>\n\n\n\n<p><a href=\"http:\/\/machado.mec.gov.br\/\"><\/a><a href=\"http:\/\/machado.mec.gov.br\/\">http:\/\/machado.mec.gov.br\/<\/a><\/p>\n\n\n\n<p>O prop\u00f3sito desta homenagem a Machado de Assis, mais que lembrar o centen\u00e1rio de sua morte, \u00e9 fazer com que a sua obra completa chegue a qualquer usu\u00e1rio internet, em edi\u00e7\u00f5es confi\u00e1veis e gratuitas. Resultado de uma parceria entre o Portal Dom\u00ednio P\u00fablico &#8211; a biblioteca digital do MEC &#8211; e o N\u00facleo de Pesquisa em Inform\u00e1tica, Literatura e Ling\u00fc\u00edstica (NUPILL), da Universidade Federal de Santa Catarina, o projeto teve como prop\u00f3sito organizar, sistematizar, complementar e revisar as edi\u00e7\u00f5es digitais at\u00e9 ent\u00e3o existentes na rede, gerando o que se pode chamar de&nbsp;<em>Cole\u00e7\u00e3o Digital Machado de Assis<\/em>.<\/p>\n","protected":false},"excerpt":{"rendered":"<p>CATRACA LIVRE http:\/\/catracalivre.com.br\/geral\/livro\/indicacao\/285-livros-de-comunicacao-para-download\/ O&nbsp;blog Midia8&nbsp;\u2013 que nasceu em 2007 e publica novidades do mundo da comunica\u00e7\u00e3o- compilou links de 285 t\u00edtulos de livros digitais em portugu\u00eas, ingl\u00eas e&nbsp;espanhol para ler online ou fazer download&nbsp;Catraca Livre. As obras abortam temas relacionados \u00e0 comunica\u00e7\u00e3o e cultura digital como&nbsp;ciberjornalismo, literatura digital, redes sociais, marketing digital, cibercultura, web 2.0, [&hellip;]<\/p>\n","protected":false},"author":2,"featured_media":0,"parent":0,"menu_order":0,"comment_status":"closed","ping_status":"closed","template":"","meta":{"footnotes":""},"class_list":["post-388","page","type-page","status-publish","hentry"],"_links":{"self":[{"href":"https:\/\/biblioteca.facha.edu.br\/index.php\/wp-json\/wp\/v2\/pages\/388","targetHints":{"allow":["GET"]}}],"collection":[{"href":"https:\/\/biblioteca.facha.edu.br\/index.php\/wp-json\/wp\/v2\/pages"}],"about":[{"href":"https:\/\/biblioteca.facha.edu.br\/index.php\/wp-json\/wp\/v2\/types\/page"}],"author":[{"embeddable":true,"href":"https:\/\/biblioteca.facha.edu.br\/index.php\/wp-json\/wp\/v2\/users\/2"}],"replies":[{"embeddable":true,"href":"https:\/\/biblioteca.facha.edu.br\/index.php\/wp-json\/wp\/v2\/comments?post=388"}],"version-history":[{"count":3,"href":"https:\/\/biblioteca.facha.edu.br\/index.php\/wp-json\/wp\/v2\/pages\/388\/revisions"}],"predecessor-version":[{"id":393,"href":"https:\/\/biblioteca.facha.edu.br\/index.php\/wp-json\/wp\/v2\/pages\/388\/revisions\/393"}],"wp:attachment":[{"href":"https:\/\/biblioteca.facha.edu.br\/index.php\/wp-json\/wp\/v2\/media?parent=388"}],"curies":[{"name":"wp","href":"https:\/\/api.w.org\/{rel}","templated":true}]}}