{"id":1720,"date":"2025-05-30T13:17:22","date_gmt":"2025-05-30T16:17:22","guid":{"rendered":"https:\/\/biblioteca.facha.edu.br\/?page_id=1720"},"modified":"2025-08-06T13:10:57","modified_gmt":"2025-08-06T16:10:57","slug":"bd-cinema","status":"publish","type":"page","link":"https:\/\/biblioteca.facha.edu.br\/index.php\/bd-cinema\/","title":{"rendered":"BD Cinema"},"content":{"rendered":"\n<!-- Beginning of Link Library Output --><div id='linklist1' class='linklist'><!-- Div Linklist -->\n<div class=\"LinkLibraryCat LinkLibraryCat32 level0\"><!-- Div Category --><div id=\"bd-cinema\"><!-- Div Category Name --><div class=\"linklistcatname\"><!-- Div Cat Name --><span class=\"linklistcatclass\">Base de Dados de Cinema<\/span><\/div><!-- DivOrHeader --><\/div><!-- Div Category Name -->\n\t<ul>\n<li><a href=\"https:\/\/www.gov.br\/ancine\/pt-br\/oca\" id=\"link-1719\" class=\"track_this_link \" rel=\"noopener noreferrer\" target=\"_blank\">ANCINE (AG\u00caNCIA NACIONAL DO CINEMA)<\/a><\/li>\n<li><a href=\"http:\/\/www.bcc.org.br\/\" id=\"link-1725\" class=\"track_this_link \" rel=\"noopener noreferrer\" target=\"_blank\">BANCO DE CONTE\u00daDOS CULTURAIS (BCC)<\/a><\/li>\n<li><a href=\"http:\/\/www.investigacoescinema.ubi.pt\/\" id=\"link-1724\" class=\"track_this_link \" rel=\"noopener noreferrer\" target=\"_blank\">BASE DE DADOS DE INVESTIGA\u00c7\u00d5ES CIENT\u00cdFICAS SOBRE CINEMA<\/a><\/li>\n<li><a href=\"http:\/\/cinecartaz.publico.pt\/\" id=\"link-1726\" class=\"track_this_link \" rel=\"noopener noreferrer\" target=\"_blank\">CINECARTAZ<\/a><\/li>\n<li><a href=\"https:\/\/cinemateca.org.br\/acervo\/base-de-dados\/\" id=\"link-1727\" class=\"track_this_link \" rel=\"noopener noreferrer\" target=\"_blank\">CINEMATECA BRASILEIRA<\/a><\/li>\n<li><a href=\"http:\/\/www.cinemateca.pt\/\" id=\"link-1728\" class=\"track_this_link \" rel=\"noopener noreferrer\" target=\"_blank\">CINEMATECA PORTUGUESA<\/a><\/li>\n<li><a href=\"http:\/\/aplauso.imprensaoficial.com.br\/novo.php\" id=\"link-1731\" class=\"track_this_link \" rel=\"noopener noreferrer\" target=\"_blank\">COLE\u00c7\u00c3O APLAUSO<\/a><\/li>\n<li><a href=\"http:\/\/www.ctav.gov.br\/links\/sites-de-cinema\/\" id=\"link-1732\" class=\"track_this_link \" rel=\"noopener noreferrer\" target=\"_blank\">CTAV \u2013 CENTRO T\u00c9CNICO DE AUDIO VISUAL<\/a><\/li>\n<li><a href=\"https:\/\/www.filmeb.com.br\/database2\/database20anos\/database20anos_index.php\" id=\"link-1733\" class=\"track_this_link \" rel=\"noopener noreferrer\" target=\"_blank\">DATABASE BRASIL<\/a><\/li>\n<li><a href=\"http:\/\/www.filmeb.com.br\/portal\/html\/portal.php\" id=\"link-1734\" class=\"track_this_link \" rel=\"noopener noreferrer\" target=\"_blank\">FILME B<\/a><\/li>\n<li><a href=\"https:\/\/basedosdados.org\/dataset\/6ba4745d-f131-4f8e-9e55-e8416199a6af?table=79de8c5e-9c21-4398-a9fb-bc40e6d6e77f\" id=\"link-1735\" class=\"track_this_link \" rel=\"noopener noreferrer\" target=\"_blank\">IMDB (INTERNET MOVIE DATABASE)<\/a><\/li>\n<li><a href=\"https:\/\/lumiere.obs.coe.int\/search\" id=\"link-1736\" class=\"track_this_link \" rel=\"noopener noreferrer\" target=\"_blank\">LUMIERE<\/a><\/li>\n<li><a href=\"https:\/\/lupa.uff.br\/catalogos\/\" id=\"link-1737\" class=\"track_this_link \" rel=\"noopener noreferrer\" target=\"_blank\">LUPA-UFF<\/a><\/li>\n<li><a href=\"https:\/\/riofilme.com.br\/observatorio-do-audiovisual-carioca\/\" id=\"link-1738\" class=\"track_this_link \" rel=\"noopener noreferrer\" target=\"_blank\">OBSERVAT\u00d3RIO DO AUDIOVISUAL CARIOCA<\/a><\/li>\n<li><a href=\"https:\/\/www.obs.coe.int\/en\/web\/observatoire\/\" id=\"link-1739\" class=\"track_this_link \" rel=\"noopener noreferrer\" target=\"_blank\">OBSERVAT\u00d3RIO EUROPEU DO AUDIOVISUAL<\/a><\/li>\n\t<\/ul>\n<\/div><!-- Div End Category -->\n<script type='text\/javascript'>\njQuery(document).ready(function()\n{\njQuery('.arrow-up').hide();\njQuery('#linklist1 a.track_this_link').click(function() {\nlinkid = this.id;\nlinkid = linkid.substring(5);\npath = '';\njQuery.ajax( {    type: 'POST',    url: 'https:\/\/biblioteca.facha.edu.br\/wp-admin\/admin-ajax.php',     data: { action: 'link_library_tracker',             _ajax_nonce: '5bba4d9a98',             id:linkid, xpath:path }     });\nreturn true;\n});\njQuery('#linklist1 .expandlinks').click(function() {\ntarget = '.' + jQuery(this).attr('id');\nsubcattarget = '.' + jQuery(this).attr('data-subcat');\nif ( jQuery( target ).is(':visible') ) {\njQuery(target).slideUp();\njQuery(subcattarget).slideToggle();\njQuery(this).children('img').attr('src', 'https:\/\/biblioteca.facha.edu.br\/wp-content\/plugins\/link-library\/icons\/expand-32.png');\n} else {\njQuery(target).slideDown();\njQuery(subcattarget).slideToggle();\njQuery(this).children('img').attr('src', 'https:\/\/biblioteca.facha.edu.br\/wp-content\/plugins\/link-library\/icons\/collapse-32.png');\n}\n});\njQuery('#linklist1 .linklistcatclass').click(function() {\njQuery(this).siblings('.expandlinks').click();\n});\njQuery('#linklist1 .linklistcatnamedesc').click(function() {\njQuery(this).siblings('.expandlinks').click();\n});\n});\n<\/script>\n<\/div><!-- Div Linklist -->\n<!-- End of Link Library Output -->\n\n\n\n\n\n<p><\/p>\n","protected":false},"excerpt":{"rendered":"","protected":false},"author":2,"featured_media":0,"parent":0,"menu_order":0,"comment_status":"closed","ping_status":"closed","template":"","meta":{"footnotes":""},"class_list":["post-1720","page","type-page","status-publish","hentry"],"_links":{"self":[{"href":"https:\/\/biblioteca.facha.edu.br\/index.php\/wp-json\/wp\/v2\/pages\/1720","targetHints":{"allow":["GET"]}}],"collection":[{"href":"https:\/\/biblioteca.facha.edu.br\/index.php\/wp-json\/wp\/v2\/pages"}],"about":[{"href":"https:\/\/biblioteca.facha.edu.br\/index.php\/wp-json\/wp\/v2\/types\/page"}],"author":[{"embeddable":true,"href":"https:\/\/biblioteca.facha.edu.br\/index.php\/wp-json\/wp\/v2\/users\/2"}],"replies":[{"embeddable":true,"href":"https:\/\/biblioteca.facha.edu.br\/index.php\/wp-json\/wp\/v2\/comments?post=1720"}],"version-history":[{"count":4,"href":"https:\/\/biblioteca.facha.edu.br\/index.php\/wp-json\/wp\/v2\/pages\/1720\/revisions"}],"predecessor-version":[{"id":1994,"href":"https:\/\/biblioteca.facha.edu.br\/index.php\/wp-json\/wp\/v2\/pages\/1720\/revisions\/1994"}],"wp:attachment":[{"href":"https:\/\/biblioteca.facha.edu.br\/index.php\/wp-json\/wp\/v2\/media?parent=1720"}],"curies":[{"name":"wp","href":"https:\/\/api.w.org\/{rel}","templated":true}]}}