{"id":1610,"date":"2025-05-28T12:37:19","date_gmt":"2025-05-28T15:37:19","guid":{"rendered":"https:\/\/biblioteca.facha.edu.br\/?page_id=1610"},"modified":"2025-05-28T12:41:58","modified_gmt":"2025-05-28T15:41:58","slug":"acervo-de-inclusao","status":"publish","type":"page","link":"https:\/\/biblioteca.facha.edu.br\/index.php\/acervo-de-inclusao\/","title":{"rendered":"Acervo de inclus\u00e3o"},"content":{"rendered":"\n<ol class=\"wp-block-list\">\n<li><strong>EDUCA\u00c7\u00c3O PARA AS RELA\u00c7\u00d5ES \u00c9TNICO-RACIAIS<\/strong><\/li>\n<\/ol>\n\n\n\n<ul class=\"wp-block-list\">\n<li><a href=\"http:\/\/etnicoracial.mec.gov.br\/images\/pdf\/publicacoes\/acesso_pop_negra_ensino_superior.pdf\" target=\"_blank\" rel=\"noreferrer noopener\">ACESSO E PERMANENCIA DA POPULA\u00c7\u00c3O NEGRA NO ENSINO SUPERIOR<\/a><\/li>\n\n\n\n<li><a href=\"http:\/\/etnicoracial.mec.gov.br\/images\/pdf\/publicacoes\/acoes_afirm_combate_racismo_americas.pdf\" target=\"_blank\" rel=\"noreferrer noopener\">A\u00c7\u00d5ES AFIRMATIVAS E COMBATE AO RACISMO NAS AM\u00c9RICAS<\/a><\/li>\n\n\n\n<li><a href=\"http:\/\/etnicoracial.mec.gov.br\/images\/pdf\/publicacoes\/contribuicoes_implement_lei10639.pdf\" target=\"_blank\" rel=\"noreferrer noopener\">CONTRIBUI\u00c7\u00d5ES PARA IMPLEMENTA\u00c7\u00c3O DA LEI 10 639<\/a><\/li>\n\n\n\n<li><a href=\"http:\/\/etnicoracial.mec.gov.br\/images\/pdf\/publicacoes\/dimensoes_inclusao_quilombola.pdf\" target=\"_blank\" rel=\"noreferrer noopener\">DIMENS\u00d5ES DA INCLUS\u00c3O NO ENSINO M\u00c9DIO MERCADO DE TRABALHO, RELIGIOSIDADE E EDUCA\u00c7\u00c3O ESCOLAR QUILOMBOLA<\/a><\/li>\n\n\n\n<li><a href=\"http:\/\/etnicoracial.mec.gov.br\/images\/pdf\/publicacoes\/diversidade_universidade.pdf\" target=\"_blank\" rel=\"noreferrer noopener\">DIVERSIDADE NA UNIVERSIDADE<\/a><\/li>\n\n\n\n<li><a href=\"http:\/\/etnicoracial.mec.gov.br\/images\/pdf\/publicacoes\/educacao_antiracista.pdf\" target=\"_blank\" rel=\"noreferrer noopener\">EDUCA\u00c7\u00c3O ANTI-RACISTA CAMINHOS ABERTOS PELA LEI FEDERAL N\u00ba 10.63903<\/a><\/li>\n\n\n\n<li><a href=\"http:\/\/etnicoracial.mec.gov.br\/images\/pdf\/publicacoes\/educacao_exercicio_diversidade.pdf\" target=\"_blank\" rel=\"noreferrer noopener\">EDUCA\u00c7\u00c3O COMO EXERC\u00cdCIO DE DIVERSIDADE<\/a><\/li>\n\n\n\n<li><a href=\"http:\/\/etnicoracial.mec.gov.br\/images\/pdf\/publicacoes\/educacao_acoes_afirmativas.pdf\" target=\"_blank\" rel=\"noreferrer noopener\">EDUCA\u00c7\u00c3O E A\u00c7\u00d5ES AFIRMATIVAS<\/a><\/li>\n\n\n\n<li><a href=\"http:\/\/etnicoracial.mec.gov.br\/images\/pdf\/publicacoes\/estorias_quilombola_capa.pdf\" target=\"_blank\" rel=\"noreferrer noopener\">EST\u00d3RIAS QUILOMBOLAS \u2013 CAPA<\/a><\/li>\n\n\n\n<li><a href=\"http:\/\/etnicoracial.mec.gov.br\/images\/pdf\/publicacoes\/estorias_quilombola_miolo.pdf\" target=\"_blank\" rel=\"noreferrer noopener\">EST\u00d3RIAS QUILOMBOLAS \u2013 MIOLO<\/a><\/li>\n\n\n\n<li><a href=\"http:\/\/etnicoracial.mec.gov.br\/images\/pdf\/publicacoes\/historia_educacao_negro.pdf\" target=\"_blank\" rel=\"noreferrer noopener\">HIST\u00d3RIA DA EDUCA\u00c7\u00c3O DO NEGRO E OUTRAS HIST\u00d3RIAS<\/a><\/li>\n\n\n\n<li><a href=\"http:\/\/portal.mec.gov.br\/?option=com_content&amp;view=article&amp;id=16146\" target=\"_blank\" rel=\"noreferrer noopener\">HIST\u00d3RIA GERAL DA \u00c1FRICA<\/a><\/li>\n\n\n\n<li><a href=\"http:\/\/etnicoracial.mec.gov.br\/images\/pdf\/publicacoes\/minas_quilombo_aluno.pdf\" target=\"_blank\" rel=\"noreferrer noopener\">MINAS DE QUILOMBO \u2013 LIVRO DO ALUNO<\/a><\/li>\n\n\n\n<li><a href=\"http:\/\/etnicoracial.mec.gov.br\/images\/pdf\/publicacoes\/minas_quilombo_professor_miolo.pdf\" target=\"_blank\" rel=\"noreferrer noopener\">MINAS DO QUILOMBO \u2013 LIVRO DO PROFESSOR<\/a><\/li>\n\n\n\n<li><a href=\"http:\/\/etnicoracial.mec.gov.br\/images\/pdf\/publicacoes\/programa_diverdade_universidade.pdf\" target=\"_blank\" rel=\"noreferrer noopener\">O PROGRAMA DIVERSIDADE NA UNIVERSIDADE E A CONSTRU\u00c7\u00c3O DE UMA POL\u00cdTICA EDUCACIONAL ANTI-RACISTA<\/a><\/li>\n\n\n\n<li><a href=\"http:\/\/etnicoracial.mec.gov.br\/images\/pdf\/publicacoes\/orientacoes_acoes_capa.pdf\" target=\"_blank\" rel=\"noreferrer noopener\">ORIENTA\u00c7\u00d5ES E A\u00c7\u00d5ES \u2013 CAPA<\/a><\/li>\n\n\n\n<li><a href=\"http:\/\/etnicoracial.mec.gov.br\/images\/pdf\/publicacoes\/orientacoes_acoes_miolo.pdf\" target=\"_blank\" rel=\"noreferrer noopener\">ORIENTA\u00c7\u00d5ES E A\u00c7\u00d5ES \u2013 MIOLO<\/a><\/li>\n\n\n\n<li><a href=\"http:\/\/etnicoracial.mec.gov.br\/images\/pdf\/publicacoes\/quilombos_espaco_resistencia_aluno_capa.pdf\" target=\"_blank\" rel=\"noreferrer noopener\">QUILOMBOS \u2013 ESPA\u00c7O DE RESIST\u00caNCIA \u2013 LIVRO DO ALUNO \u2013 CAPA<\/a><\/li>\n\n\n\n<li><a href=\"http:\/\/etnicoracial.mec.gov.br\/images\/pdf\/publicacoes\/quilombos_espaco_resistencia_aluno_miolo.pdf\" target=\"_blank\" rel=\"noreferrer noopener\">QUILOMBOS \u2013 ESPA\u00c7O DE RESIST\u00caNCIA \u2013 LIVRO DO ALUNO \u2013 MIOLO<\/a><\/li>\n\n\n\n<li><a href=\"http:\/\/etnicoracial.mec.gov.br\/images\/pdf\/publicacoes\/quilombos_espaco_resistencia_professor_capa.pdf\" target=\"_blank\" rel=\"noreferrer noopener\">QUILOMBOS \u2013 ESPA\u00c7O DE RESIST\u00caNCIA \u2013 LIVRO DO PROFESSOR \u2013 CAPA<\/a><\/li>\n\n\n\n<li><a href=\"http:\/\/etnicoracial.mec.gov.br\/images\/pdf\/publicacoes\/superando_%20racismo_escola_miolo.pdf\" target=\"_blank\" rel=\"noreferrer noopener\">SUPERANDO O RACISMO NA ESCOLA \u2013 MIOLO<\/a><\/li>\n\n\n\n<li><a href=\"http:\/\/etnicoracial.mec.gov.br\/images\/pdf\/publicacoes\/yote_caixa.pdf\" target=\"_blank\" rel=\"noreferrer noopener\">YOT\u00c9 \u2013 CAIXA<\/a><\/li>\n\n\n\n<li><a href=\"http:\/\/etnicoracial.mec.gov.br\/images\/pdf\/publicacoes\/yote_aluno_capa.pdf\" target=\"_blank\" rel=\"noreferrer noopener\">YOT\u00c9 \u2013 LIVRO DO ALUNO \u2013 CAPA<\/a><\/li>\n\n\n\n<li><a href=\"http:\/\/etnicoracial.mec.gov.br\/images\/pdf\/publicacoes\/yote_aluno_miolo.pdf\" target=\"_blank\" rel=\"noreferrer noopener\">YOT\u00c9 \u2013 LIVRO DO ALUNO \u2013 MIOLO<\/a><\/li>\n\n\n\n<li><a href=\"http:\/\/etnicoracial.mec.gov.br\/images\/pdf\/publicacoes\/yote_professor_capa.pdf\" target=\"_blank\" rel=\"noreferrer noopener\">YOT\u00c9 \u2013 LIVRO DO PROFESSOR \u2013 CAPA<\/a><\/li>\n\n\n\n<li><a href=\"http:\/\/etnicoracial.mec.gov.br\/images\/pdf\/publicacoes\/yote_professor_miolo.pdf\" target=\"_blank\" rel=\"noreferrer noopener\">YOT\u00c9 \u2013 LIVRO DO PROFESSOR \u2013 MIOLO<\/a><\/li>\n\n\n\n<li><a href=\"http:\/\/etnicoracial.mec.gov.br\/images\/pdf\/publicacoes\/yote_pecas.pdf\" target=\"_blank\" rel=\"noreferrer noopener\">YOT\u00c9 \u2013 PE\u00c7AS<\/a><\/li>\n\n\n\n<li><a href=\"http:\/\/etnicoracial.mec.gov.br\/images\/pdf\/publicacoes\/yote_regras.pdf\" target=\"_blank\" rel=\"noreferrer noopener\">YOT\u00c9 \u2013 REGRAS<\/a><\/li>\n\n\n\n<li><a href=\"http:\/\/etnicoracial.mec.gov.br\/images\/pdf\/publicacoes\/yote_tabuleiro.pdf\" target=\"_blank\" rel=\"noreferrer noopener\">YOT\u00c9 \u2013 TABULEIRO<\/a><\/li>\n<\/ul>\n\n\n\n<p><\/p>\n\n\n\n<p>2. <strong>ACERVO DE ACESSIBILIDADE\u00a0<\/strong><\/p>\n\n\n\n<p>Acervo t\u00e9cnico&nbsp;do&nbsp;<a href=\"https:\/\/iparadigma.org.br\/bibliotecavirtual\/\">Instituto Paradigma<\/a>, que visa ajudar no processo de inclus\u00e3o nos espa\u00e7os urbanos e ambientes educacionais e empresariais.<\/p>\n\n\n\n<ul class=\"wp-block-list\">\n<li><a href=\"https:\/\/iparadigma.org.br\/biblioteca\/acessibilidade-e-investimento\/\">A IMPORT\u00c2NCIA DA ACESSIBILIDADE EM CONDOM\u00cdNIOS<\/a><\/li>\n\n\n\n<li><a href=\"https:\/\/iparadigma.org.br\/biblioteca\/a-revolucao-braille\/\">A REVOLU\u00c7\u00c3O BRAILLE<\/a><\/li>\n\n\n\n<li><a href=\"https:\/\/iparadigma.org.br\/biblioteca\/acessibilidade-cultural-pessoas-com-deficiencia-beneficios-para-todos\/\">ACESSIBILIDADE CULTURAL PARA PESSOAS COM DEFICI\u00caNCIA \u2013 BENEF\u00cdCIOS PARA TODOS<\/a><\/li>\n\n\n\n<li><a href=\"https:\/\/iparadigma.org.br\/biblioteca\/acessibilidade-de-pessoas-com-deficiencia-ou-resticao-permanente-de-mobilidade-ao-sus\/\">ACESSIBILIDADE DE PESSOAS COM DEFICI\u00caNCIA OU RESTRI\u00c7\u00c3O PERMANENTE DE MOBILIDADE AO SUS<\/a><\/li>\n\n\n\n<li><a href=\"https:\/\/iparadigma.org.br\/biblioteca\/barreiras-arquitetonicas-a-idosos-e-portadores-de-deficiencia-fisica-um-estudo-epidemiologico-das-unidades-basicas-de-saude-em-sete-estados-do-brasil\/\">BARREIRAS ARQUITET\u00d4NICAS A IDOSOS E PORTADORES DE DEFICI\u00caNCIA F\u00cdSICA: UM ESTUDO EPIDEMIOL\u00d3GICO DA ESTRUTURA F\u00cdSICA DAS UNIDADES B\u00c1SICAS DE SA\u00daDE EM SETE ESTADOS DO BRASIL<\/a><\/li>\n\n\n\n<li><a href=\"https:\/\/iparadigma.org.br\/biblioteca\/calcadas-vias-exclusivas-para-pedestres\/\">CARTILHA \u2013 CAL\u00c7ADAS E VIAS EXCLUSIVAS PARA PEDESTRES \u2013 CARACTER\u00cdSTICAS GEOM\u00c9TRICAS E M\u00c9TODOS CONSTRUTIVOS<\/a><\/li>\n\n\n\n<li><a href=\"https:\/\/iparadigma.org.br\/biblioteca\/acessibilidade-cartilha-de-acessibilidade-consideracoes-e-adequacoes\/\">CARTILHA DE ACESSIBILIDADE \u2013 CONSIDERA\u00c7\u00d5ES E ADEQUA\u00c7\u00d5ES<\/a><\/li>\n\n\n\n<li><a href=\"https:\/\/iparadigma.org.br\/biblioteca\/acessibilidade-cartilha-de-desenhos-e-medidas-universais\/\">CARTILHA DE DESENHOS E MEDIDAS UNIVERSAIS<\/a><\/li>\n\n\n\n<li><a href=\"https:\/\/iparadigma.org.br\/biblioteca\/acessibilidade-check-list-analise-individual-de-produtos-destinados-a-acessibilidade\/\">CHECKLIST \u2013 AN\u00c1LISE INDIVIDUAL DE PRODUTOS DESTINADOS \u00c0 ACESSIBILIDADE<\/a><\/li>\n\n\n\n<li><a href=\"https:\/\/iparadigma.org.br\/biblioteca\/guia-reis-de-comunicacao-inclusiva-e-acessivel\/\">GUIA REIS DE COMUNICA\u00c7\u00c3O INCLUSIVA E ACESS\u00cdVEL<\/a><\/li>\n\n\n\n<li><a href=\"https:\/\/iparadigma.org.br\/biblioteca\/introducao-a-tecnologia-assistiva\/\">INTRODU\u00c7\u00c3O \u00c0 TECNOLOGIA ASSISTIVA<\/a><\/li>\n\n\n\n<li><a href=\"https:\/\/iparadigma.org.br\/biblioteca\/acessibilidade-lista-de-materiais-de-infraestrutura-e-sugestao-de-fornecedores\/\">LISTA DE MATERIAIS DE INFRAESTRUTURA E SUGEST\u00c3O DE FORNECEDORES<\/a><\/li>\n\n\n\n<li><a href=\"https:\/\/iparadigma.org.br\/biblioteca\/percepcao-do-cuidador-domiciliar-de-pessoas-com-paralisia-cerebral-sobre-barreiras-arquitetonicas-e-acessibilidade\/\">PERCEP\u00c7\u00c3O DO CUIDADOR DOMICILIAR DE PESSOAS COM PARALISIA CEREBRAL SOBRE AS BARREIRAS ARQUITET\u00d4NICAS E ACESSIBILIDADE<\/a><\/li>\n\n\n\n<li><a href=\"https:\/\/iparadigma.org.br\/biblioteca\/somos-plurais-2021\/\">SOMOS PLURAIS \u2013 2021<\/a><\/li>\n<\/ul>\n\n\n\n<p><\/p>\n","protected":false},"excerpt":{"rendered":"<p>2. ACERVO DE ACESSIBILIDADE\u00a0 Acervo t\u00e9cnico&nbsp;do&nbsp;Instituto Paradigma, que visa ajudar no processo de inclus\u00e3o nos espa\u00e7os urbanos e ambientes educacionais e empresariais.<\/p>\n","protected":false},"author":2,"featured_media":0,"parent":0,"menu_order":0,"comment_status":"closed","ping_status":"closed","template":"","meta":{"footnotes":""},"class_list":["post-1610","page","type-page","status-publish","hentry"],"_links":{"self":[{"href":"https:\/\/biblioteca.facha.edu.br\/index.php\/wp-json\/wp\/v2\/pages\/1610","targetHints":{"allow":["GET"]}}],"collection":[{"href":"https:\/\/biblioteca.facha.edu.br\/index.php\/wp-json\/wp\/v2\/pages"}],"about":[{"href":"https:\/\/biblioteca.facha.edu.br\/index.php\/wp-json\/wp\/v2\/types\/page"}],"author":[{"embeddable":true,"href":"https:\/\/biblioteca.facha.edu.br\/index.php\/wp-json\/wp\/v2\/users\/2"}],"replies":[{"embeddable":true,"href":"https:\/\/biblioteca.facha.edu.br\/index.php\/wp-json\/wp\/v2\/comments?post=1610"}],"version-history":[{"count":3,"href":"https:\/\/biblioteca.facha.edu.br\/index.php\/wp-json\/wp\/v2\/pages\/1610\/revisions"}],"predecessor-version":[{"id":1614,"href":"https:\/\/biblioteca.facha.edu.br\/index.php\/wp-json\/wp\/v2\/pages\/1610\/revisions\/1614"}],"wp:attachment":[{"href":"https:\/\/biblioteca.facha.edu.br\/index.php\/wp-json\/wp\/v2\/media?parent=1610"}],"curies":[{"name":"wp","href":"https:\/\/api.w.org\/{rel}","templated":true}]}}