{"id":1136,"date":"2023-03-16T14:15:52","date_gmt":"2023-03-16T17:15:52","guid":{"rendered":"https:\/\/biblioteca.facha.edu.br\/?page_id=1136"},"modified":"2023-03-16T14:15:52","modified_gmt":"2023-03-16T17:15:52","slug":"novas-inclusoes-bv","status":"publish","type":"page","link":"https:\/\/biblioteca.facha.edu.br\/index.php\/acervo\/novas-inclusoes-bv\/","title":{"rendered":"Novas Inclus\u00f5es BV"},"content":{"rendered":"\n<p><strong>NOVAS INCLUS\u00d5ES DE T\u00cdTULOS NAS BIBLIOTECAS DIGITAIS\/VIRTUAIS<\/strong><\/p>\n\n\n\n<p><strong>BIBLIOTECA DIGITAL SARAIVA<\/strong><\/p>\n\n\n\n<figure class=\"wp-block-table\"><table><tbody><tr><td>EDUARDO SABBAG<\/td><td>Manual de portugu\u00eas jur\u00eddico<\/td><td>11<\/td><td>2023<\/td><\/tr><tr><td>LUCIANO MARTINEZ<\/td><td>Curso de direito do trabalho<\/td><td>11<\/td><td>2020<\/td><\/tr><tr><td>ANDREA FLORES, JODASCIL GON\u00c7ALVES LOPES<\/td><td>COLE\u00c7\u00c3O \u00cdCONES DO DIREITO MANUAL DE DIREITO PENAL<\/td><td>1<\/td><td>2015<\/td><\/tr><tr><td>CARLOS ROBERTO GON\u00c7ALVES<\/td><td>Direito civil brasileiro<\/td><td>20<\/td><td>2023<\/td><\/tr><tr><td>MARCUS VINICIUS RIOS GONCALVES, MARCUS VINICIUS RIOS GON\u00c7ALVES<\/td><td>Cole\u00e7\u00e3o sinopses jur\u00eddicas &#8211; procedimentos especiais &#8211; Vol 13<\/td><td>16<\/td><td>2018<\/td><\/tr><tr><td>DAM\u00c1SIO DE JESUS<\/td><td>DIREITO PENAL 4<\/td><td>18<\/td><td>2015<\/td><\/tr><tr><td>ANDRE RAMOS TAVARES<\/td><td>CURSO DE DIREITO CONSTITUCIONAL<\/td><td>14<\/td><td>2016<\/td><\/tr><tr><td>CASSIO SCARPINELLA BUENO<\/td><td>Curso sistematizado de Direito Processual Civil<\/td><td>11<\/td><td>2021<\/td><\/tr><tr><td>TERENCE TRENNEPOHL<\/td><td>Manual de direito ambiental<\/td><td>10<\/td><td>2023<\/td><\/tr><tr><td>PABLO STOLZE GAGLIANO, RODOLFO PAMPLONA FILHO<\/td><td>Novo curso de direito civil<\/td><td>21<\/td><td>2023<\/td><\/tr><tr><td>CARLOS ROBERTO GON\u00c7ALVES<\/td><td>DIREITO CIVIL ESQUEMATIZADO 2<\/td><td>1<\/td><td>2013<\/td><\/tr><tr><td>EDUARDO C. B. BITTAR<\/td><td>Curso de \u00e9tica geral e profissional<\/td><td>16<\/td><td>2023<\/td><\/tr><tr><td>PAULO L\u00d4BO<\/td><td>Coment\u00e1rios ao estatuto da advocacia e da OAB<\/td><td>15<\/td><td>2023<\/td><\/tr><tr><td>CARLOS ROBERTO GON\u00c7ALVES<\/td><td>Direito Civil Brasileiro<\/td><td>18<\/td><td>2023<\/td><\/tr><tr><td>CARLOS M\u00c1RIO DA SILVA VELLOSO, WALBER DE MOURA AGRA<\/td><td>Elementos de Direito Eleitoral<\/td><td>8<\/td><td>2023<\/td><\/tr><tr><td>ANDR\u00c9 PUCCINELLI J\u00daNIOR<\/td><td>CURSO DE DIREITO CONSTITUCIONAL<\/td><td>3<\/td><td>2013<\/td><\/tr><tr><td>CARLOS ROBERTO GON\u00c7ALVES, PEDRO LENZA<\/td><td>Direito civil esquematizado\u00ae<\/td><td>10<\/td><td>2023<\/td><\/tr><tr><td>EDUARDO SABBAG<\/td><td>MANUAL DE DIREITO TRIBUT\u00c1RIO<\/td><td>8<\/td><td>2016<\/td><\/tr><tr><td>CARLOS ROBERTO GON\u00c7ALVES<\/td><td>Direito civil brasileiro<\/td><td>21<\/td><td>2023<\/td><\/tr><tr><td>CARLOS ROBERTO GON\u00c7ALVES<\/td><td>Teoria Geral das Obriga\u00e7\u00f5es<\/td><td>20<\/td><td>2023<\/td><\/tr><tr><td>CARLOS ROBERTO GON\u00c7ALVES<\/td><td>Direito civil brasileiro<\/td><td>18<\/td><td>2023<\/td><\/tr><tr><td>PAULO L\u00d4BO<\/td><td>Direito Civil<\/td><td>11<\/td><td>2023<\/td><\/tr><tr><td>RICARDO JOSE NEGRAO NOGUEIRA<\/td><td>Curso de direito comercial e de empresa<\/td><td>18<\/td><td>2022<\/td><\/tr><tr><td>AGNALDO MARTINO, PEDRO LENZA<\/td><td>Portugu\u00eas Esquematizado<\/td><td>11<\/td><td>2023<\/td><\/tr><tr><td>PAULO L\u00d4BO<\/td><td>Direito Civil<\/td><td>13<\/td><td>2023<\/td><\/tr><tr><td>MARCUS VINICIUS RIOS GON\u00c7ALVES, PEDRO LENZA<\/td><td>Direito processual civil<\/td><td>14<\/td><td>2023<\/td><\/tr><tr><td>SERGIO PINTO MARTINS<\/td><td>Direito do trabalho<\/td><td>39<\/td><td>2023<\/td><\/tr><tr><td>CARLOS ROBERTO GON\u00c7ALVES, PEDRO LENZA<\/td><td>Direito civil esquematizado\u00ae<\/td><td>11<\/td><td>2023<\/td><\/tr><tr><td>SERGIO PINTO MARTINS<\/td><td>Direito processual do trabalho<\/td><td>45<\/td><td>2023<\/td><\/tr><tr><td>CEZAR ROBERTO BITENCOURT<\/td><td>Tratado de direito penal<\/td><td>17<\/td><td>2021<\/td><\/tr><tr><td>PEDRO LENZA, VICTOR EDUARDO RIOS GON\u00c7ALVES<\/td><td>Direito penal esquematizado\u00ae &#8211; parte especial<\/td><td>13<\/td><td>2023<\/td><\/tr><tr><td>PEDRO LENZA, ROBERTO CAPARROZ<\/td><td>Direito tribut\u00e1rio esquematizado\u00ae<\/td><td>7<\/td><td>2023<\/td><\/tr><tr><td>MARIA JOS\u00c9 CONSTANTINO PETRI<\/td><td>Manual de linguagem jur\u00eddica<\/td><td>4<\/td><td>2023<\/td><\/tr><tr><td>SERGIO CAMPINHO<\/td><td>Curso de direito comercial<\/td><td>7<\/td><td>2023<\/td><\/tr><tr><td>S\u00c9RGIO CAMPINHO<\/td><td>Curso de Direito Comercial<\/td><td>13<\/td><td>2023<\/td><\/tr><tr><td>IVES GANDRA DA SILVA MARTINS F<\/td><td>Manual esquematizado de direito e processo do trabalho<\/td><td>28<\/td><td>2023<\/td><\/tr><tr><td>NELSON ROSENVALD<\/td><td>As fun\u00e7\u00f5es da responsabilidade civil<\/td><td>4<\/td><td>2022<\/td><\/tr><tr><td>CARLOS ALBERTO DE MORAES RAMOS FILHO<\/td><td>DIREITO FINANCEIRO ESQUEMATIZADO<\/td><td>2<\/td><td>2017<\/td><\/tr><tr><td>CELSO SPITZCOVSKY, PEDRO LENZA<\/td><td>Cole\u00e7\u00e3o Esquematizado &#8211; Direito Administrativo<\/td><td>6<\/td><td>2023<\/td><\/tr><tr><td>RENATO FLAVIO MARCAO<\/td><td>Curso de execu\u00e7\u00e3o penal<\/td><td>20<\/td><td>2023<\/td><\/tr><tr><td>LUIS EDUARDO SCHOUER<\/td><td>DIREITO TRIBUT\u00c1RIO<\/td><td>5<\/td><td>2015<\/td><\/tr><tr><td>ANA CAROLINA CORREA DA COSTA LEISTER et al.<\/td><td>Metodologia da Pesquisa em Direito<\/td><td>3<\/td><td>2023<\/td><\/tr><tr><td>NITISH MONEBHURRUN<\/td><td>Manual de Metodologia Jur\u00eddica &#8211; T\u00e9cnicas para argumentar em textos jur\u00eddicos<\/td><td>2<\/td><td>2022<\/td><\/tr><tr><td>MARIA HELENA DINIZ<\/td><td>Curso de direito civil brasileiro<\/td><td>39<\/td><td>2023<\/td><\/tr><tr><td>VICTOR EDUARDO RIOS GON\u00c7ALVES<\/td><td>SINOPSES JUR\u00cdDICAS 10<\/td><td>19<\/td><td>2015<\/td><\/tr><tr><td>RENATO MARC\u00c3O<\/td><td>CURSO DE EXECU\u00c7\u00c3O PENAL<\/td><td>13<\/td><td>2015<\/td><\/tr><tr><td>DIEGO DE SOUZA ARAUJO CAMPOS, FABIANO SILVA TAVORA<\/td><td>Direito Internacional<\/td><td>5<\/td><td>2018<\/td><\/tr><tr><td>ANDRE STUDART LEIT\u00c3O, AUGUSTO GRIECO S. MEIRINHO<\/td><td>MANUAL DE DIREITO PREVIDENCI\u00c1RIO<\/td><td>4<\/td><td>2016<\/td><\/tr><tr><td>PAULO L\u00d4BO<\/td><td>Direito Civil<\/td><td>9<\/td><td>2023<\/td><\/tr><tr><td>RONALDO FIANI<\/td><td>ECONOMIA DE EMPRESA<\/td><td>1<\/td><td>2015<\/td><\/tr><tr><td>ALEXANDRE MAZZA<\/td><td>Tribut\u00e1rio #napr\u00e1tica<\/td><td>1<\/td><td>2015<\/td><\/tr><tr><td>HUMBERTO THEODORO J\u00daNIOR<\/td><td>LEI DE EXECU\u00c7\u00c3O FISCAL<\/td><td>14<\/td><td>2022<\/td><\/tr><tr><td>MARCUS VINICIUS RIOS GON\u00c7ALVES<\/td><td>Sinopses Jur\u00eddicas 26 &#8211; Tutela de Interesses Difusos e Coletivos<\/td><td>13<\/td><td>2018<\/td><\/tr><tr><td>SERGIO CAMPINHO<\/td><td>Curso de direito comercial<\/td><td>19<\/td><td>2023<\/td><\/tr><tr><td>MARCELO BARBOSA SACRAMONE<\/td><td>Coment\u00e1rios \u00e0 Lei de recupera\u00e7\u00e3o de empresas e fal\u00eancia<\/td><td>4<\/td><td>2023<\/td><\/tr><tr><td>HUMBERTO DALLA BERNADINA DE PINHO<\/td><td>Manual de direito processual civil contempor\u00e2neo<\/td><td>5<\/td><td>2023<\/td><\/tr><tr><td>LU\u00cdS ROBERTO BARROSO<\/td><td>O controle de constitucionalidade no direito brasileiro<\/td><td>9<\/td><td>2022<\/td><\/tr><tr><td>DARLAN BARROSO, FERNANDO MARQUES, MARCELLE TASOKO, MARCO ANTONIO ARAUJO JUNIOR, RAFAEL PAIVA, SANDRO CALDEIRA<\/td><td>Pr\u00e1tica penal<\/td><td>5<\/td><td>2023<\/td><\/tr><tr><td>DARLAN BARROSO, MARCO ANTONIO ARAUJO JUNIOR, PAULO RALIN, RENATA ORSI, RENATO SABINO<\/td><td>Pr\u00e1tica trabalhista<\/td><td>4<\/td><td>2023<\/td><\/tr><tr><td>ANA CAROLINA VICTALINO, DANIEL LAMOUNIER, DARLAN BARROSO, MARCO ANTONIO ARAUJO JUNIOR, MARCOS OLIVEIRA<\/td><td>Pr\u00e1tica administrativa<\/td><td>4<\/td><td>2023<\/td><\/tr><tr><td>DANIEL LAMOUNIER, DARLAN BARROSO, MARCO ANTONIO ARAUJO JUNIOR, RAFAEL PAIVA, SAVIO CHALITA<\/td><td>Pr\u00e1tica constitucional<\/td><td>4<\/td><td>2023<\/td><\/tr><tr><td>ALESSANDRO SANCHEZ, DARLAN BARROSO, MARCO ANTONIO ARAUJO JUNIOR, S\u00c9RGIO GABRIEL<\/td><td>Pr\u00e1tica empresarial<\/td><td>4<\/td><td>2023<\/td><\/tr><tr><td>DARLAN BARROSO et al.<\/td><td>Pr\u00e1tica tribut\u00e1ria<\/td><td>5<\/td><td>2023<\/td><\/tr><tr><td>ANA CAROLINA VICTALINO et al.<\/td><td>Pr\u00e1tica civil<\/td><td>4<\/td><td>2023<\/td><\/tr><tr><td>ALYSSON RACHID<\/td><td>Dominando \u00e9tica<\/td><td>5<\/td><td>2022<\/td><\/tr><tr><td>ALYSSON RACHID et al.<\/td><td>Exame de ordem&nbsp; 1\u00aa fase<\/td><td>4<\/td><td>2021<\/td><\/tr><tr><td>RODOLFO PAMPLONA FILHO, TERCIO ROBERTO PEIXOTO SOUZA<\/td><td>Curso de Direito Processual do Trabalho<\/td><td>3<\/td><td>2022<\/td><\/tr><tr><td>BRUNO ZAMPIER, CARLA CARVALHO, LUIZ DELLORE, PEDRO LENZA<\/td><td>OAB 2\u00aa Fase &#8211; Civil<\/td><td>1<\/td><td>2020<\/td><\/tr><tr><td>SIDNEY GUERRA<\/td><td>DIREITOS HUMANOS<\/td><td>3<\/td><td>2015<\/td><\/tr><tr><td>THEODORO AGOSTINHO<\/td><td>Manual Previdenci\u00e1rio<\/td><td>2<\/td><td>2022<\/td><\/tr><tr><td>LEANDRO PAULSEN, OMAR MELO<\/td><td>ISS: CF e LC 116 comentadas<\/td><td>2<\/td><td>2022<\/td><\/tr><tr><td>MARIA HELENA DINIZ<\/td><td>Direito \u00e0 integridade f\u00edsico-ps\u00edquica da pessoa humana<\/td><td>1<\/td><td>2023<\/td><\/tr><tr><td>HUMBERTO DALLA BERNADINA DE PINHO<\/td><td>Juizados especiais c\u00edveis: Estaduais e Federais<\/td><td>1<\/td><td>2022<\/td><\/tr><tr><td>CAROLINE VARGAS BARBOSA<\/td><td>Metodologia da Pesquisa Jur\u00eddica<\/td><td>1<\/td><td>2022<\/td><\/tr><tr><td>INGO WOLFGANG SARLET, TIAGO FENSTERSEIFER<\/td><td>A Prote\u00e7\u00e3o Constitucional do Bioma da Mata Atl\u00e2ntica<\/td><td>1<\/td><td>2021<\/td><\/tr><tr><td>ANDR\u00c9 RUFINO DO VALE<\/td><td>IDP &#8211; Constitucionalismo e democracia p\u00f3s-2020<\/td><td>1<\/td><td>2022<\/td><\/tr><tr><td>ANDR\u00c9 RAMOS TAVARES<\/td><td>Curso de Direito Constitucional<\/td><td>21<\/td><td>2023<\/td><\/tr><tr><td>FERNANDA LAGE<\/td><td>Escrit\u00f3rios Online e Pr\u00e1tica Jur\u00eddica Digital<\/td><td>1<\/td><td>2022<\/td><\/tr><tr><td>BRUNA MARCHI, RODRIGO SADI<\/td><td>Ingl\u00eas Jur\u00eddico: uma introdu\u00e7\u00e3o pr\u00e1tica<\/td><td>1<\/td><td>2022<\/td><\/tr><tr><td>ANDR\u00c9 RAMOS TAVARES, DANILO DONEDA, INGO SARLET, LAURA SCHERTEL MENDES<\/td><td>O Juiz Digital: da atua\u00e7\u00e3o em rede \u00e0 Justi\u00e7a algor\u00edtmica<\/td><td>1<\/td><td>2022<\/td><\/tr><tr><td>RODRIGO L\u00d3PEZ ZILIO<\/td><td>Lei da Ficha Limpa e Probidade Administrativa (S\u00e9rie Direito Eleitoral)<\/td><td>1<\/td><td>2022<\/td><\/tr><tr><td>ALEXANDRE ROLLO<\/td><td>Direito Processual Eleitoral &#8211; Parte 1<\/td><td>1<\/td><td>2022<\/td><\/tr><tr><td>BIANCA RICHTER<\/td><td>Peti\u00e7\u00e3o Inicial: dicas, t\u00e9cnica e pr\u00e1tica<\/td><td>1<\/td><td>2022<\/td><\/tr><tr><td>RUTH GUERREIRO, TARCISIO TEIXEIRA<\/td><td>Lei Geral de Prote\u00e7\u00e3o de Dados Pessoais: Comentada artigo por artigo<\/td><td>4<\/td><td>2022<\/td><\/tr><tr><td>JO\u00c3O STIGHEN, MIRIAN APARECIDA JABUR, RUTH GUERREIRO, TARCISIO TEIXEIRA<\/td><td>DPO (Encarregado de dados pessoais): Teoria e Pr\u00e1tica<\/td><td>1<\/td><td>2022<\/td><\/tr><tr><td>EDUARDO C. B. BITTAR, GABRIELLE B. SALES SARLET, INGO WOLFGANG SARLET<\/td><td>Intelig\u00eancia Artificial, Prote\u00e7\u00e3o de Dados Pessoais e Responsabilidade na Era Digital<\/td><td>1<\/td><td>2022<\/td><\/tr><tr><td>FLAVIA PIOVESAN, LUIZ EDUARDO CAMARGO OUTEIRO HERNANDES<\/td><td>Democracia: Prote\u00e7\u00e3o Constitucional e Internacional<\/td><td>1<\/td><td>2022<\/td><\/tr><tr><td>LUIS FERNANDO RABELO CHACON<\/td><td>Gest\u00e3o e Estrat\u00e9gia para Advogados<\/td><td>1<\/td><td>2022<\/td><\/tr><tr><td>CARLOS ROBERTO GON\u00c7ALVES<\/td><td>DIREITO CIVIL BRASILEIRO V. 1 &#8211; PARTE GERAL<\/td><td>14<\/td><td>2016<\/td><\/tr><tr><td>JOS\u00c9 FABIO RODRIGUES MACIEL, RENAN AGUIAR<\/td><td>COLE\u00c7\u00c3O DIREITO VIVO &#8211; HIST\u00d3RIA DO DIREITO<\/td><td>7<\/td><td>2016<\/td><\/tr><tr><td>FERNANDO CAPEZ<\/td><td>CURSO DE DIREITO PENAL 3<\/td><td>14<\/td><td>2016<\/td><\/tr><tr><td>CHRISTIANO CASSETTARI<\/td><td>CART\u00d3RIOS &#8211; Tabelionato de Protestos<\/td><td>1<\/td><td>2013<\/td><\/tr><tr><td>CARLOS ROBERTO GONCALVES, CARLOS ROBERTO GON\u00c7ALVES<\/td><td>Sinopses Jur\u00eddicas &#8211; Direito das Obriga\u00e7\u00f5es &#8211; Vol 6 &#8211; Tomo I<\/td><td>20<\/td><td>2018<\/td><\/tr><tr><td>MARIA HELENA DINIZ<\/td><td>Curso de direito civil brasileiro<\/td><td>38<\/td><td>2023<\/td><\/tr><tr><td>IVES GANDRA DA SILVA MARTINS<\/td><td>MANUAL ESQUEM\u00c1TICO DE DIREITO E PROCESSO DO TRABALHO<\/td><td>23<\/td><td>2016<\/td><\/tr><tr><td>MARIA HELENA DINIZ<\/td><td>Curso de direito civil brasileiro<\/td><td>40<\/td><td>2023<\/td><\/tr><tr><td>CARLOS ROBERTO GON\u00c7ALVES<\/td><td>DIREITO CIVIL BRASILEIRO 6<\/td><td>13<\/td><td>2016<\/td><\/tr><tr><td>CASSIO SCARPINELLA BUENO<\/td><td>Curso sistematizado de direito processual civil<\/td><td>10<\/td><td>2021<\/td><\/tr><tr><td>MARIA GABRIELA VENTUROTI P. RIOS GONCALVES, VICTOR EDUARDO RIOS GON\u00c7ALVES<\/td><td>Direito Empresarial<\/td><td>10<\/td><td>2018<\/td><\/tr><\/tbody><\/table><\/figure>\n\n\n\n<p>BIBLIOTECA VIRTUAL<\/p>\n\n\n\n<figure class=\"wp-block-table\"><table><tbody><tr><td><strong>Autor<\/strong><\/td><td><strong>T\u00edtulo<\/strong><\/td><td><strong>Editora<\/strong><\/td><td><strong>Ano da Publica\u00e7\u00e3o<\/strong><\/td><\/tr><tr><td>Rafael de Freitas Valle Dresch et al.<\/td><td>20 anos do C\u00f3digo Civil Brasileiro<\/td><td>Editora Foco (BVU)<\/td><td>2023<\/td><\/tr><tr><td>Valdir do Nascimento Flores<\/td><td>A lingu\u00edstica geral de Ferdinand de Saussure<\/td><td>Editora Contexto (BVU)<\/td><td>2023<\/td><\/tr><tr><td>Cleyson de Moraes Mello<\/td><td>A\u00e7\u00e3o civil p\u00fablica<\/td><td>Editora Processo (BVU)<\/td><td>2023<\/td><\/tr><tr><td>Fernanda Pantale\u00e3o Dirscherl; Luiz Carlos Goiabeira Rosa; Fernanda da Silva Vieira Rosa<\/td><td>Aliena\u00e7\u00e3o parental<\/td><td>Editora Foco (BVU)<\/td><td>2023<\/td><\/tr><tr><td>Ivo Teixeira Gico Junior<\/td><td>An\u00e1lise econ\u00f4mica do processo civil<\/td><td>Editora Foco (BVU)<\/td><td>2023<\/td><\/tr><tr><td>Franz Boas<\/td><td>Antropologia cultural<\/td><td>Editora Contexto (BVU)<\/td><td>2023<\/td><\/tr><tr><td>Michel Bernardo Fernandes da Silva<\/td><td>Ciberseguran\u00e7a: Uma vis\u00e3o panor\u00e2mica sobre a seguran\u00e7a da informa\u00e7\u00e3o na Internet<\/td><td>Editora Freitas Bastos (BVU)<\/td><td>2023<\/td><\/tr><tr><td>Nehemias Domingos de Melo<\/td><td>C\u00f3digo de processo civil<\/td><td>Editora Foco (BVU)<\/td><td>2023<\/td><\/tr><tr><td>Norberto Almeida de Andrade<\/td><td>Comportamento do consumidor aplicado ao neuromarketing<\/td><td>Editora Freitas Bastos (BVU)<\/td><td>2023<\/td><\/tr><tr><td>Osnei Francisco Alves<\/td><td>Comportamento Organizacional<\/td><td>Editora Freitas Bastos (BVU)<\/td><td>2023<\/td><\/tr><tr><td>Maria Luiza Belloni<\/td><td>Crian\u00e7as e m\u00eddias no Brasil<\/td><td>Papirus Editora (BVU)<\/td><td>2023<\/td><\/tr><tr><td>Cleyson de Moraes Mello<\/td><td>Direito civil<\/td><td>Editora Processo (BVU)<\/td><td>2023<\/td><\/tr><tr><td>Cleyson de Moraes Mello<\/td><td>Direito de laje<\/td><td>Editora Processo (BVU)<\/td><td>2023<\/td><\/tr><tr><td>Bibiane Oliveira Silva Goes<\/td><td>Direito de ouvir e falar de si<\/td><td>Editora Appris (BVU)<\/td><td>2023<\/td><\/tr><tr><td>S\u00e9rgio Assun\u00e7\u00e3o Rodrigues J\u00fanior<\/td><td>Direito processual do trabalho e direito processual laboral<\/td><td>Editora Processo (BVU)<\/td><td>2023<\/td><\/tr><tr><td>Cleyson de Moraes Mello<\/td><td>Direitos da personalidade<\/td><td>Editora Processo (BVU)<\/td><td>2023<\/td><\/tr><tr><td>Cleyson de Moraes Mello<\/td><td>Direitos fundamentais<\/td><td>Editora Processo (BVU)<\/td><td>2023<\/td><\/tr><tr><td>Cleyson de Moraes Mello<\/td><td>Direitos Humanos<\/td><td>Editora Processo (BVU)<\/td><td>2023<\/td><\/tr><tr><td>Igor Machado<\/td><td>Introdu\u00e7\u00e3o \u00e0 Antropologia<\/td><td>Editora Contexto (BVU)<\/td><td>2023<\/td><\/tr><tr><td>Cleyson de Moraes Mello<\/td><td>Introdu\u00e7\u00e3o ao estudo do direito<\/td><td>Editora Processo (BVU)<\/td><td>2023<\/td><\/tr><tr><td>H\u00e9lder Ferreira Isayama (org.)<\/td><td>Lazer em estudo<\/td><td>Papirus Editora (BVU)<\/td><td>2023<\/td><\/tr><tr><td>Reis Friede; Andr\u00e9 Carlos<\/td><td>Li\u00e7\u00f5es Esquematizadas de Introdu\u00e7\u00e3o ao Estudo do Direito: Teoria, Esquemas Anal\u00edticos e Exerc\u00edcios de fixa\u00e7\u00e3o<\/td><td>Editora Freitas Bastos (BVU)<\/td><td>2023<\/td><\/tr><tr><td>Cleyson de Moraes Mello<\/td><td>Mandado de Seguran\u00e7a<\/td><td>Editora Processo (BVU)<\/td><td>2023<\/td><\/tr><tr><td>Ricardo Gomes da Silva; Telma Regina Esteves Lanini<\/td><td>Marketing e Comunica\u00e7\u00e3o no Universo Digital<\/td><td>Editora Freitas Bastos (BVU)<\/td><td>2023<\/td><\/tr><tr><td>Raquel Prado<\/td><td>Merchandising no Ponto de Venda: Conceitos e Pr\u00e1ticas H\u00edbridas<\/td><td>Editora Freitas Bastos (BVU)<\/td><td>2023<\/td><\/tr><tr><td>Guilherme Calmon Nogueira da Gama; Heloisa Alves de Paiva Josephson<\/td><td>Multiparentalidade no direito das sucess\u00f5es<\/td><td>Editora Processo (BVU)<\/td><td>2023<\/td><\/tr><tr><td>Florian Bieber<\/td><td>Na\u00e7\u00f5es e nacionalismos<\/td><td>Editora Contexto (BVU)<\/td><td>2023<\/td><\/tr><tr><td>Marcel Alves<\/td><td>Nenhum sonho \u00e9 Imposs\u00edvel<\/td><td>Editora Appris (BVU)<\/td><td>2023<\/td><\/tr><tr><td>Muniz Sodr\u00e9<\/td><td>O fascismo da cor<\/td><td>Editora Vozes (BVU)<\/td><td>2023<\/td><\/tr><tr><td>Cleyson de Moraes Mello<\/td><td>Processo Civil &#8211; Cumprimento de Senten\u00e7a Execu\u00e7\u00e3o<\/td><td>Editora Processo (BVU)<\/td><td>2023<\/td><\/tr><tr><td>Cleyson de Moraes Mello<\/td><td>Processo Civil &#8211; Procedimentos Especiais<\/td><td>Editora Processo (BVU)<\/td><td>2023<\/td><\/tr><tr><td>Cleyson de Moraes Mello<\/td><td>Processo Civil &#8211; Recursos e Processo nos Tribunais<\/td><td>Editora Processo (BVU)<\/td><td>2023<\/td><\/tr><tr><td>Cleyson de Moraes Mello<\/td><td>Processo Civil &#8211; Teoria geral do processo<\/td><td>Editora Processo (BVU)<\/td><td>2023<\/td><\/tr><tr><td>Luiz Ant\u00f4nio Abdalla de Moura<\/td><td>Qualidade e Gest\u00e3o Ambiental: Sustentabilidade e ISO14001<\/td><td>Editora Freitas Bastos (BVU)<\/td><td>2023<\/td><\/tr><tr><td>Amy Erica Smith<\/td><td>Religi\u00e3o e a democracia brasileira<\/td><td>Editora Vozes (BVU)<\/td><td>2023<\/td><\/tr><tr><td>Vyctor Grotti<\/td><td>Repress\u00e3o estatal e discurso<\/td><td>Editora Appris (BVU)<\/td><td>2023<\/td><\/tr><tr><td>Manoel Ant\u00f4nio Silva Mac\u00eado<\/td><td>Reprodu\u00e7\u00e3o Humana Assistida<\/td><td>Editora Del Rey BVU (BVU)<\/td><td>2023<\/td><\/tr><tr><td>Cleyson de Moraes Mello<\/td><td>Responsabilidade civil<\/td><td>Editora Processo (BVU)<\/td><td>2023<\/td><\/tr><tr><td>Cleyson de Moraes Mello<\/td><td>Teoria Geral do Processo<\/td><td>Editora Processo (BVU)<\/td><td>2023<\/td><\/tr><tr><td>Cleyson de Moraes Mello<\/td><td>Usucapi\u00e3o<\/td><td>Editora Processo (BVU)<\/td><td>2023<\/td><\/tr><tr><td>Guilherme Calmon Nogueira da Gama; Thiago Ferreira Cardoso Neves<\/td><td>20 anos do c\u00f3digo civil<\/td><td>Editora Foco (BVU)<\/td><td>2022<\/td><\/tr><tr><td>Sidney Barbosa; Daniele Lessa Soares<\/td><td>Artes, m\u00eddias e outras literaturas<\/td><td>Paco e Littera (BVU)<\/td><td>2022<\/td><\/tr><tr><td>Regilan Deusamar Barbosa Pereira<\/td><td>Ateli\u00ea-escola<\/td><td>Editora Appris (BVU)<\/td><td>2022<\/td><\/tr><tr><td>Adir Ubaldo Rech; F\u00e1bio Scopel Vanin; Sandrine Araujo Santos<\/td><td>Cidades sustent\u00e1veis e o comum<\/td><td>Editora Educs (BVU)<\/td><td>2022<\/td><\/tr><tr><td>Beatrice Ficcarelli; \u00c9rico Andrade; Juliana Cordeiro de Faria; Martino Zulberti<\/td><td>Coisa julgada<\/td><td>Editora Foco (BVU)<\/td><td>2022<\/td><\/tr><tr><td>Guilherme Magalh\u00e3es Martins; Jos\u00e9 Luiz de Moura Faleiros J\u00fanior; Jo\u00e3o Victor Rozatti Longhi<\/td><td>Coment\u00e1rios \u00e0 lei geral de prote\u00e7\u00e3o de dados pessoais<\/td><td>Editora Foco (BVU)<\/td><td>2022<\/td><\/tr><tr><td>Paulo Henrique Borges; Anderson Santiago Teixeira; Juliano Fernandes da Silva; Mich\u00e9l Angillo Saad<\/td><td>Concep\u00e7\u00f5es sobre a organiza\u00e7\u00e3o ofensiva no jogo de futebol<\/td><td>Editora Educs (BVU)<\/td><td>2022<\/td><\/tr><tr><td>Nildo Viana; Maria Ang\u00e9lica Peixoto<\/td><td>Cultura e sociedade<\/td><td>Paco e Littera (BVU)<\/td><td>2022<\/td><\/tr><tr><td>Jos\u00e9 Carlos Rodrigues dos Santos<\/td><td>Da advocacia frente ao branqueamento de capitais na Uni\u00e3o Europeia<\/td><td>Paco e Littera (BVU)<\/td><td>2022<\/td><\/tr><tr><td>Adir Ubaldo Rech; Carlos Alberto Lunelli; Sandrine Araujo Santos; Celso Ant\u00f4nio Pacheco Fiorillo<\/td><td>Direito ambiental e desenvolvimento sustent\u00e1vel<\/td><td>Editora Educs (BVU)<\/td><td>2022<\/td><\/tr><tr><td>J\u00falia Schneider<\/td><td>Direito constitucional nas escolas municipais de Feliz\/RS como garantia ao exerc\u00edcio da cidadania<\/td><td>Editora Educs (BVU)<\/td><td>2022<\/td><\/tr><tr><td>Francisco Rodrigues Neto<\/td><td>Direitos e garantias \u00e0s pessoas com defici\u00eancias<\/td><td>Paco e Littera (BVU)<\/td><td>2022<\/td><\/tr><tr><td>Terezinha Damian<\/td><td>Fal\u00eancia e recupera\u00e7\u00e3o de empresa<\/td><td>Paco e Littera (BVU)<\/td><td>2022<\/td><\/tr><tr><td>Terezinha Damian<\/td><td>Fam\u00edlia e filia\u00e7\u00e3o socioafetiva<\/td><td>Paco e Littera (BVU)<\/td><td>2022<\/td><\/tr><tr><td>Cristiano Apolucena Cabral<\/td><td>Fascismo<\/td><td>Paco e Littera (BVU)<\/td><td>2022<\/td><\/tr><tr><td>Andr\u00e9 Freitas<\/td><td>Gest\u00e3o de pessoas por compet\u00eancias<\/td><td>Editora Appris (BVU)<\/td><td>2022<\/td><\/tr><tr><td>Tiago de Jesus Batista<\/td><td>Reforma trabalhista<\/td><td>Editora Appris (BVU)<\/td><td>2022<\/td><\/tr><tr><td>L\u00e9o Peixoto Rodrigues; Rafael Braz da Silva; Camila Dellagnese Prates<\/td><td>Sociologia ambiental<\/td><td>Paco e Littera (BVU)<\/td><td>2022<\/td><\/tr><tr><td>Tassio Ricardo Martins da Costa<\/td><td>Viol\u00eancia contra a mulher<\/td><td>Editora Neurus (BVU)<\/td><td>2022<\/td><\/tr><\/tbody><\/table><\/figure>\n","protected":false},"excerpt":{"rendered":"<p>NOVAS INCLUS\u00d5ES DE T\u00cdTULOS NAS BIBLIOTECAS DIGITAIS\/VIRTUAIS BIBLIOTECA DIGITAL SARAIVA EDUARDO SABBAG Manual de portugu\u00eas jur\u00eddico 11 2023 LUCIANO MARTINEZ Curso de direito do trabalho 11 2020 ANDREA FLORES, JODASCIL GON\u00c7ALVES LOPES COLE\u00c7\u00c3O \u00cdCONES DO DIREITO MANUAL DE DIREITO PENAL 1 2015 CARLOS ROBERTO GON\u00c7ALVES Direito civil brasileiro 20 2023 MARCUS VINICIUS RIOS GONCALVES, MARCUS [&hellip;]<\/p>\n","protected":false},"author":2,"featured_media":0,"parent":61,"menu_order":0,"comment_status":"closed","ping_status":"closed","template":"","meta":{"footnotes":""},"class_list":["post-1136","page","type-page","status-publish","hentry"],"_links":{"self":[{"href":"https:\/\/biblioteca.facha.edu.br\/index.php\/wp-json\/wp\/v2\/pages\/1136","targetHints":{"allow":["GET"]}}],"collection":[{"href":"https:\/\/biblioteca.facha.edu.br\/index.php\/wp-json\/wp\/v2\/pages"}],"about":[{"href":"https:\/\/biblioteca.facha.edu.br\/index.php\/wp-json\/wp\/v2\/types\/page"}],"author":[{"embeddable":true,"href":"https:\/\/biblioteca.facha.edu.br\/index.php\/wp-json\/wp\/v2\/users\/2"}],"replies":[{"embeddable":true,"href":"https:\/\/biblioteca.facha.edu.br\/index.php\/wp-json\/wp\/v2\/comments?post=1136"}],"version-history":[{"count":2,"href":"https:\/\/biblioteca.facha.edu.br\/index.php\/wp-json\/wp\/v2\/pages\/1136\/revisions"}],"predecessor-version":[{"id":1139,"href":"https:\/\/biblioteca.facha.edu.br\/index.php\/wp-json\/wp\/v2\/pages\/1136\/revisions\/1139"}],"up":[{"embeddable":true,"href":"https:\/\/biblioteca.facha.edu.br\/index.php\/wp-json\/wp\/v2\/pages\/61"}],"wp:attachment":[{"href":"https:\/\/biblioteca.facha.edu.br\/index.php\/wp-json\/wp\/v2\/media?parent=1136"}],"curies":[{"name":"wp","href":"https:\/\/api.w.org\/{rel}","templated":true}]}}